{"id":7683,"date":"2025-01-23T12:12:20","date_gmt":"2025-01-23T17:12:20","guid":{"rendered":"https:\/\/fundacioncactusazul.org\/FITIJ\/?page_id=7683"},"modified":"2025-02-14T12:30:45","modified_gmt":"2025-02-14T17:30:45","slug":"camilo-choez","status":"publish","type":"page","link":"https:\/\/fundacioncactusazul.org\/FITIJ\/camilo-choez\/","title":{"rendered":"Camilo Ch\u00f3ez"},"content":{"rendered":"\t\t<div data-elementor-type=\"wp-page\" data-elementor-id=\"7683\" class=\"elementor elementor-7683\">\n\t\t\t\t\t\t<section class=\"elementor-section elementor-top-section elementor-element elementor-element-4f2356f elementor-section-boxed elementor-section-height-default elementor-section-height-default\" data-id=\"4f2356f\" data-element_type=\"section\">\n\t\t\t\t\t\t<div class=\"elementor-container elementor-column-gap-default\">\n\t\t\t\t\t<div class=\"elementor-column elementor-col-100 elementor-top-column elementor-element elementor-element-6d25d95\" data-id=\"6d25d95\" data-element_type=\"column\">\n\t\t\t<div class=\"elementor-widget-wrap elementor-element-populated\">\n\t\t\t\t\t\t<div class=\"elementor-element elementor-element-ff6c38d elementor-widget elementor-widget-heading\" data-id=\"ff6c38d\" data-element_type=\"widget\" data-widget_type=\"heading.default\">\n\t\t\t\t<div class=\"elementor-widget-container\">\n\t\t\t\t\t<h2 class=\"elementor-heading-title elementor-size-default\">Camilo Ch\u00f3ez<\/h2>\t\t\t\t<\/div>\n\t\t\t\t<\/div>\n\t\t\t\t\t<\/div>\n\t\t<\/div>\n\t\t\t\t\t<\/div>\n\t\t<\/section>\n\t\t\t\t<section class=\"elementor-section elementor-top-section elementor-element elementor-element-8cca35e elementor-section-boxed elementor-section-height-default elementor-section-height-default\" data-id=\"8cca35e\" data-element_type=\"section\">\n\t\t\t\t\t\t<div class=\"elementor-container elementor-column-gap-default\">\n\t\t\t\t\t<div class=\"elementor-column elementor-col-100 elementor-top-column elementor-element elementor-element-e9f1d99\" data-id=\"e9f1d99\" data-element_type=\"column\">\n\t\t\t<div class=\"elementor-widget-wrap elementor-element-populated\">\n\t\t\t\t\t\t<div class=\"elementor-element elementor-element-702be91 elementor-widget elementor-widget-spacer\" data-id=\"702be91\" data-element_type=\"widget\" data-widget_type=\"spacer.default\">\n\t\t\t\t<div class=\"elementor-widget-container\">\n\t\t\t\t\t\t\t<div class=\"elementor-spacer\">\n\t\t\t<div class=\"elementor-spacer-inner\"><\/div>\n\t\t<\/div>\n\t\t\t\t\t\t<\/div>\n\t\t\t\t<\/div>\n\t\t\t\t\t<\/div>\n\t\t<\/div>\n\t\t\t\t\t<\/div>\n\t\t<\/section>\n\t\t\t\t<section class=\"elementor-section elementor-top-section elementor-element elementor-element-c18decb elementor-section-boxed elementor-section-height-default elementor-section-height-default\" data-id=\"c18decb\" data-element_type=\"section\">\n\t\t\t\t\t\t<div class=\"elementor-container elementor-column-gap-default\">\n\t\t\t\t\t<div class=\"elementor-column elementor-col-100 elementor-top-column elementor-element elementor-element-163b042\" data-id=\"163b042\" data-element_type=\"column\">\n\t\t\t<div class=\"elementor-widget-wrap elementor-element-populated\">\n\t\t\t\t\t\t<div class=\"elementor-element elementor-element-6e2957d elementor-widget elementor-widget-wpzoom-elementor-addons-carousel\" data-id=\"6e2957d\" data-element_type=\"widget\" data-settings=\"{&quot;animation_speed&quot;:300,&quot;autoplay&quot;:&quot;yes&quot;,&quot;autoplay_speed&quot;:3000,&quot;loop&quot;:&quot;yes&quot;,&quot;navigation&quot;:&quot;arrow&quot;,&quot;slides_to_show&quot;:4,&quot;slides_to_show_tablet&quot;:3,&quot;slides_to_show_mobile&quot;:2}\" data-widget_type=\"wpzoom-elementor-addons-carousel.default\">\n\t\t\t\t<div class=\"elementor-widget-container\">\n\t\t\t\t\t<div class=\"wpzjs-slick wpz-slick wpz-slick--carousel\">\n\n\t\t\t\n\t\t\t\t<div class=\"wpz-slick-slide\">\n\t\t\t\t\t<div class=\"wpz-slick-item\">\n\t\t\t\t\t\t\t\t\t\t\t\t\t<img decoding=\"async\" class=\"wpz-slick-img\" src=\"https:\/\/fundacioncactusazul.org\/FITIJ\/wp-content\/uploads\/2025\/01\/FOTO-CAMILO-1-1-150x150.jpg\" alt=\"\">\n\t\t\t\t\t\t\n\t\t\t\t\t\t\t\t\t\t\t<\/div>\n\t\t\t\t<\/div>\n\n\t\t\t\n\t\t\t\t<div class=\"wpz-slick-slide\">\n\t\t\t\t\t<div class=\"wpz-slick-item\">\n\t\t\t\t\t\t\t\t\t\t\t\t\t<img decoding=\"async\" class=\"wpz-slick-img\" src=\"https:\/\/fundacioncactusazul.org\/FITIJ\/wp-content\/uploads\/2025\/01\/463068095_3967500983524412_3302471027701513177_n-150x150.jpg\" alt=\"\">\n\t\t\t\t\t\t\n\t\t\t\t\t\t\t\t\t\t\t<\/div>\n\t\t\t\t<\/div>\n\n\t\t\t\n\t\t\t\t<div class=\"wpz-slick-slide\">\n\t\t\t\t\t<div class=\"wpz-slick-item\">\n\t\t\t\t\t\t\t\t\t\t\t\t\t<img decoding=\"async\" class=\"wpz-slick-img\" src=\"https:\/\/fundacioncactusazul.org\/FITIJ\/wp-content\/uploads\/2025\/01\/453431983_1950483058798276_7155349117460702454_n-150x150.jpg\" alt=\"\">\n\t\t\t\t\t\t\n\t\t\t\t\t\t\t\t\t\t\t<\/div>\n\t\t\t\t<\/div>\n\n\t\t\t\n\t\t\t\t<div class=\"wpz-slick-slide\">\n\t\t\t\t\t<div class=\"wpz-slick-item\">\n\t\t\t\t\t\t\t\t\t\t\t\t\t<img decoding=\"async\" class=\"wpz-slick-img\" src=\"https:\/\/fundacioncactusazul.org\/FITIJ\/wp-content\/uploads\/2025\/01\/68751326_665416907304904_4314852964515708928_n-150x150.jpg\" alt=\"\">\n\t\t\t\t\t\t\n\t\t\t\t\t\t\t\t\t\t\t<\/div>\n\t\t\t\t<\/div>\n\n\t\t\t\n\t\t<\/div>\n\n\t\t\t\t\t<button type=\"button\" class=\"slick-prev\"><i aria-hidden=\"true\" class=\"fas fa-chevron-left\"><\/i><\/button>\n\t\t\n\t\t\t\t\t<button type=\"button\" class=\"slick-next\"><i aria-hidden=\"true\" class=\"fas fa-chevron-right\"><\/i><\/button>\n\t\t\n\t\t\t\t\t\t<\/div>\n\t\t\t\t<\/div>\n\t\t\t\t\t<\/div>\n\t\t<\/div>\n\t\t\t\t\t<\/div>\n\t\t<\/section>\n\t\t\t\t<section class=\"elementor-section elementor-top-section elementor-element elementor-element-740ff4f elementor-section-boxed elementor-section-height-default elementor-section-height-default\" data-id=\"740ff4f\" data-element_type=\"section\">\n\t\t\t\t\t\t<div class=\"elementor-container elementor-column-gap-default\">\n\t\t\t\t\t<div class=\"elementor-column elementor-col-100 elementor-top-column elementor-element elementor-element-1fcf3b2\" data-id=\"1fcf3b2\" data-element_type=\"column\">\n\t\t\t<div class=\"elementor-widget-wrap elementor-element-populated\">\n\t\t\t\t\t\t<div class=\"elementor-element elementor-element-a0ac050 elementor-widget elementor-widget-spacer\" data-id=\"a0ac050\" data-element_type=\"widget\" data-widget_type=\"spacer.default\">\n\t\t\t\t<div class=\"elementor-widget-container\">\n\t\t\t\t\t\t\t<div class=\"elementor-spacer\">\n\t\t\t<div class=\"elementor-spacer-inner\"><\/div>\n\t\t<\/div>\n\t\t\t\t\t\t<\/div>\n\t\t\t\t<\/div>\n\t\t\t\t\t<\/div>\n\t\t<\/div>\n\t\t\t\t\t<\/div>\n\t\t<\/section>\n\t\t\t\t<section class=\"elementor-section elementor-top-section elementor-element elementor-element-47bd3b4 elementor-section-boxed elementor-section-height-default elementor-section-height-default\" data-id=\"47bd3b4\" data-element_type=\"section\">\n\t\t\t\t\t\t<div class=\"elementor-container elementor-column-gap-default\">\n\t\t\t\t\t<div class=\"elementor-column elementor-col-100 elementor-top-column elementor-element elementor-element-24b5a59\" data-id=\"24b5a59\" data-element_type=\"column\">\n\t\t\t<div class=\"elementor-widget-wrap elementor-element-populated\">\n\t\t\t\t\t\t<div class=\"elementor-element elementor-element-6f6446e elementor-widget elementor-widget-text-editor\" data-id=\"6f6446e\" data-element_type=\"widget\" data-widget_type=\"text-editor.default\">\n\t\t\t\t<div class=\"elementor-widget-container\">\n\t\t\t\t\t\t\t\t\t<p data-start=\"0\" data-end=\"195\">M\u00fasico, guitarrista y productor independiente de Quito, especializado en jazz y producci\u00f3n musical. Actualmente, se dedica a la interpretaci\u00f3n en vivo, clases particulares y grabaci\u00f3n de m\u00fasica.<\/p><p data-start=\"197\" data-end=\"612\">En su experiencia laboral, ha trabajado como m\u00fasico de sesi\u00f3n y guitarrista en shows en vivo, destacando en el musical <em data-start=\"316\" data-end=\"334\">Buenas Amistades<\/em> (dic 2022 &#8211; mayo 2023). Adem\u00e1s, se ha desempe\u00f1ado como t\u00e9cnico y productor de sonido, realizando la instalaci\u00f3n y manejo de equipos de sonido en vivo, y grabando contenido sonoro como spots publicitarios y podcasts, en su rol en FITIJ Guaguas de Ma\u00edz (enero 2018 &#8211; julio 2019).<\/p><p data-start=\"614\" data-end=\"1108\" data-is-last-node=\"\">Tambi\u00e9n ha sido t\u00e9cnico de sonido e iluminaci\u00f3n en diversos espect\u00e1culos, incluyendo el Festival Internacional de Teatro para la Infancia y la Juventud FITIJ, as\u00ed como en obras de la compa\u00f1\u00eda Cactus Azul Arte Esc\u00e9nico, tales como <em data-start=\"844\" data-end=\"858\">Turbulencias<\/em>, <em data-start=\"860\" data-end=\"880\">D\u00f3nde Est\u00e1 tu Ni\u00f1o<\/em>, <em data-start=\"882\" data-end=\"924\">Edipo Los Ojos que no se llev\u00f3 el Viento<\/em> y <em data-start=\"927\" data-end=\"951\">El \u00c1rbol No Me Olvides<\/em>. Su trabajo tambi\u00e9n abarc\u00f3 presentaciones en el Festival Quito Tiene Teatro (2016-2017) y en otros teatros como Casa del Encuentro y Aya Hatari (2015-2019).<\/p>\t\t\t\t\t\t\t\t<\/div>\n\t\t\t\t<\/div>\n\t\t\t\t\t<\/div>\n\t\t<\/div>\n\t\t\t\t\t<\/div>\n\t\t<\/section>\n\t\t\t\t<\/div>\n\t\t","protected":false},"excerpt":{"rendered":"<p>Camilo Ch\u00f3ez M\u00fasico, guitarrista y productor independiente de Quito, especializado en jazz y producci\u00f3n musical. Actualmente, se dedica a la interpretaci\u00f3n en vivo, clases particulares y grabaci\u00f3n de m\u00fasica. En su experiencia laboral, ha trabajado como m\u00fasico de sesi\u00f3n y guitarrista en shows en vivo, destacando en el musical Buenas Amistades (dic 2022 &#8211; mayo &hellip; <\/p>\n<p class=\"link-more\"><a href=\"https:\/\/fundacioncactusazul.org\/FITIJ\/camilo-choez\/\" class=\"more-link\">Leer m\u00e1s<span class=\"screen-reader-text\"> \u00abCamilo Ch\u00f3ez\u00bb<\/span><\/a><\/p>\n","protected":false},"author":1,"featured_media":0,"parent":0,"menu_order":0,"comment_status":"closed","ping_status":"closed","template":"","meta":{"footnotes":"","_links_to":"","_links_to_target":""},"class_list":["post-7683","page","type-page","status-publish","hentry"],"_links":{"self":[{"href":"https:\/\/fundacioncactusazul.org\/FITIJ\/wp-json\/wp\/v2\/pages\/7683","targetHints":{"allow":["GET"]}}],"collection":[{"href":"https:\/\/fundacioncactusazul.org\/FITIJ\/wp-json\/wp\/v2\/pages"}],"about":[{"href":"https:\/\/fundacioncactusazul.org\/FITIJ\/wp-json\/wp\/v2\/types\/page"}],"author":[{"embeddable":true,"href":"https:\/\/fundacioncactusazul.org\/FITIJ\/wp-json\/wp\/v2\/users\/1"}],"replies":[{"embeddable":true,"href":"https:\/\/fundacioncactusazul.org\/FITIJ\/wp-json\/wp\/v2\/comments?post=7683"}],"version-history":[{"count":12,"href":"https:\/\/fundacioncactusazul.org\/FITIJ\/wp-json\/wp\/v2\/pages\/7683\/revisions"}],"predecessor-version":[{"id":8179,"href":"https:\/\/fundacioncactusazul.org\/FITIJ\/wp-json\/wp\/v2\/pages\/7683\/revisions\/8179"}],"wp:attachment":[{"href":"https:\/\/fundacioncactusazul.org\/FITIJ\/wp-json\/wp\/v2\/media?parent=7683"}],"curies":[{"name":"wp","href":"https:\/\/api.w.org\/{rel}","templated":true}]}}