{"id":7424,"date":"2025-01-16T10:37:56","date_gmt":"2025-01-16T15:37:56","guid":{"rendered":"https:\/\/fundacioncactusazul.org\/FITIJ\/?page_id=7424"},"modified":"2025-09-29T12:42:46","modified_gmt":"2025-09-29T17:42:46","slug":"auspiciantes-e-instituciones-colaboradoras-a-lo-largo-de-los-anos","status":"publish","type":"page","link":"https:\/\/fundacioncactusazul.org\/FITIJ\/auspiciantes-e-instituciones-colaboradoras-a-lo-largo-de-los-anos\/","title":{"rendered":"Auspiciantes y Colaboradores"},"content":{"rendered":"\t\t<div data-elementor-type=\"wp-page\" data-elementor-id=\"7424\" class=\"elementor elementor-7424\">\n\t\t\t\t\t\t<section class=\"elementor-section elementor-top-section elementor-element elementor-element-22a9f4e elementor-section-boxed elementor-section-height-default elementor-section-height-default\" data-id=\"22a9f4e\" data-element_type=\"section\">\n\t\t\t\t\t\t<div class=\"elementor-container elementor-column-gap-default\">\n\t\t\t\t\t<div class=\"elementor-column elementor-col-100 elementor-top-column elementor-element elementor-element-1f256e8\" data-id=\"1f256e8\" data-element_type=\"column\">\n\t\t\t<div class=\"elementor-widget-wrap elementor-element-populated\">\n\t\t\t\t\t\t<div class=\"elementor-element elementor-element-a407af7 elementor-widget elementor-widget-heading\" data-id=\"a407af7\" data-element_type=\"widget\" data-widget_type=\"heading.default\">\n\t\t\t\t<div class=\"elementor-widget-container\">\n\t\t\t\t\t<h2 class=\"elementor-heading-title elementor-size-default\">AUSPICIANTES Y COLABORADORES<\/h2>\t\t\t\t<\/div>\n\t\t\t\t<\/div>\n\t\t\t\t\t<\/div>\n\t\t<\/div>\n\t\t\t\t\t<\/div>\n\t\t<\/section>\n\t\t\t\t<section class=\"elementor-section elementor-top-section elementor-element elementor-element-3d2e81b elementor-section-boxed elementor-section-height-default elementor-section-height-default\" data-id=\"3d2e81b\" data-element_type=\"section\">\n\t\t\t\t\t\t<div class=\"elementor-container elementor-column-gap-default\">\n\t\t\t\t\t<div class=\"elementor-column elementor-col-100 elementor-top-column elementor-element elementor-element-3dccccf\" data-id=\"3dccccf\" data-element_type=\"column\">\n\t\t\t<div class=\"elementor-widget-wrap elementor-element-populated\">\n\t\t\t\t\t\t<div class=\"elementor-element elementor-element-e0599e0 elementor-widget elementor-widget-text-editor\" data-id=\"e0599e0\" data-element_type=\"widget\" data-widget_type=\"text-editor.default\">\n\t\t\t\t<div class=\"elementor-widget-container\">\n\t\t\t\t\t\t\t\t\t<p><span style=\"font-family: arial, helvetica, sans-serif;\">Durante estos 17 a\u00f1os hemos contado con el auspicio, y colaboraci\u00f3n de:<\/span><\/p>\t\t\t\t\t\t\t\t<\/div>\n\t\t\t\t<\/div>\n\t\t\t\t\t<\/div>\n\t\t<\/div>\n\t\t\t\t\t<\/div>\n\t\t<\/section>\n\t\t\t\t<section class=\"elementor-section elementor-top-section elementor-element elementor-element-496e84d elementor-section-boxed elementor-section-height-default elementor-section-height-default\" data-id=\"496e84d\" data-element_type=\"section\">\n\t\t\t\t\t\t<div class=\"elementor-container elementor-column-gap-default\">\n\t\t\t\t\t<div class=\"elementor-column elementor-col-100 elementor-top-column elementor-element elementor-element-330e3a7\" data-id=\"330e3a7\" data-element_type=\"column\">\n\t\t\t<div class=\"elementor-widget-wrap elementor-element-populated\">\n\t\t\t\t\t\t<div class=\"elementor-element elementor-element-bbdeb11 elementor-widget elementor-widget-spacer\" data-id=\"bbdeb11\" data-element_type=\"widget\" data-widget_type=\"spacer.default\">\n\t\t\t\t<div class=\"elementor-widget-container\">\n\t\t\t\t\t\t\t<div class=\"elementor-spacer\">\n\t\t\t<div class=\"elementor-spacer-inner\"><\/div>\n\t\t<\/div>\n\t\t\t\t\t\t<\/div>\n\t\t\t\t<\/div>\n\t\t\t\t\t<\/div>\n\t\t<\/div>\n\t\t\t\t\t<\/div>\n\t\t<\/section>\n\t\t\t\t<section class=\"elementor-section elementor-top-section elementor-element elementor-element-8344f9d elementor-section-boxed elementor-section-height-default elementor-section-height-default\" data-id=\"8344f9d\" data-element_type=\"section\">\n\t\t\t\t\t\t<div class=\"elementor-container elementor-column-gap-default\">\n\t\t\t\t\t<div class=\"elementor-column elementor-col-50 elementor-top-column elementor-element elementor-element-172bc28\" data-id=\"172bc28\" data-element_type=\"column\">\n\t\t\t<div class=\"elementor-widget-wrap elementor-element-populated\">\n\t\t\t\t\t\t<div class=\"elementor-element elementor-element-e3086e8 elementor-widget elementor-widget-text-editor\" data-id=\"e3086e8\" data-element_type=\"widget\" data-widget_type=\"text-editor.default\">\n\t\t\t\t<div class=\"elementor-widget-container\">\n\t\t\t\t\t\t\t\t\t<p><span style=\"font-family: arial, helvetica, sans-serif;\">PRONI\u00d1O MOVISTAR, ICAM, Radio la Luna, Radio P\u00fablica del Ecuador, Diario el Tel\u00e9grafo, Minga Social Comunicaci\u00f3n<\/span><\/p><p><span style=\"font-family: arial, helvetica, sans-serif;\"><strong><span style=\"font-size: 10pt;\">&#8211; Cuerpos diplom\u00e1ticos de: <\/span><\/strong>Espa\u00f1a, Brasil, Colombia<\/span><\/p><p><span style=\"font-family: arial, helvetica, sans-serif;\"><strong><span style=\"font-size: 10pt;\">&#8211; Instituciones Culturales Internacionales como:<\/span><\/strong>\u00a0 CONACULTA (M\u00e9xico), FONARTES (Chile), Gobernaci\u00f3n de Antioquia, IAEM (Uruguay), Asociaci\u00f3n Humboldt (Alemania), Instituto Nacional de Teatro (Argentina). IDARTES (Colombia).\u00a0\u00a0\u00a0\u00a0\u00a0\u00a0\u00a0\u00a0\u00a0\u00a0\u00a0\u00a0\u00a0\u00a0\u00a0\u00a0\u00a0\u00a0\u00a0\u00a0\u00a0\u00a0\u00a0\u00a0\u00a0\u00a0\u00a0\u00a0\u00a0\u00a0\u00a0\u00a0\u00a0\u00a0<\/span><\/p><p><span style=\"font-family: arial, helvetica, sans-serif;\">&#8211; Adem\u00e1s hemos desarrollado un trabajo en conjunto con el G.A.D. de Otavalo, G.A.D de Baeza, G.A.D de Pomasqui, G.A.D\u00a0 de San Antonio\u00a0 de Pichincha, G.A.D. de Quito, Casa de la Cultura N\u00facleo Pichincha, N\u00facleo Chimborazo, N\u00facleo Esmeraldas y N\u00facleo Carchi, Municipio de Riobamba.\u00a0<\/span><\/p><p><span style=\"font-family: arial, helvetica, sans-serif;\"><strong><span style=\"font-size: 10pt;\">&#8211; Espacios Esc\u00e9nicos:<\/span><\/strong> Teatro El Tel\u00f3n de Aquiles, Ami Teatro, Aya Hatary Fundaci\u00f3n Teatro Nacional Sucre:\u00a0 Teatro Ernesto Alv\u00e1n, Teatro M\u00e9xico. Teatro Patio de Comedias, Teatro Prometeo, Teatro Le\u00f3n (Riobamba), Asociaci\u00f3n Humboldt.<\/span><\/p>\t\t\t\t\t\t\t\t<\/div>\n\t\t\t\t<\/div>\n\t\t\t\t\t<\/div>\n\t\t<\/div>\n\t\t\t\t<div class=\"elementor-column elementor-col-50 elementor-top-column elementor-element elementor-element-b9c10d2\" data-id=\"b9c10d2\" data-element_type=\"column\">\n\t\t\t<div class=\"elementor-widget-wrap elementor-element-populated\">\n\t\t\t\t\t\t<div class=\"elementor-element elementor-element-cdb6d6c elementor-widget__width-initial elementor-widget elementor-widget-image\" data-id=\"cdb6d6c\" data-element_type=\"widget\" data-widget_type=\"image.default\">\n\t\t\t\t<div class=\"elementor-widget-container\">\n\t\t\t\t\t\t\t\t\t\t\t\t\t\t\t<img fetchpriority=\"high\" decoding=\"async\" width=\"300\" height=\"1024\" src=\"https:\/\/fundacioncactusazul.org\/FITIJ\/wp-content\/uploads\/2025\/01\/auspiciantes-logos-300x1024.jpg\" class=\"attachment-large size-large wp-image-7498\" alt=\"\" srcset=\"https:\/\/fundacioncactusazul.org\/FITIJ\/wp-content\/uploads\/2025\/01\/auspiciantes-logos-300x1024.jpg 300w, https:\/\/fundacioncactusazul.org\/FITIJ\/wp-content\/uploads\/2025\/01\/auspiciantes-logos-88x300.jpg 88w, https:\/\/fundacioncactusazul.org\/FITIJ\/wp-content\/uploads\/2025\/01\/auspiciantes-logos-450x1536.jpg 450w, https:\/\/fundacioncactusazul.org\/FITIJ\/wp-content\/uploads\/2025\/01\/auspiciantes-logos-600x2048.jpg 600w, https:\/\/fundacioncactusazul.org\/FITIJ\/wp-content\/uploads\/2025\/01\/auspiciantes-logos.jpg 747w\" sizes=\"100vw\" \/>\t\t\t\t\t\t\t\t\t\t\t\t\t\t\t<\/div>\n\t\t\t\t<\/div>\n\t\t\t\t\t<\/div>\n\t\t<\/div>\n\t\t\t\t\t<\/div>\n\t\t<\/section>\n\t\t\t\t<section class=\"elementor-section elementor-top-section elementor-element elementor-element-d829462 elementor-section-boxed elementor-section-height-default elementor-section-height-default\" data-id=\"d829462\" data-element_type=\"section\">\n\t\t\t\t\t\t<div class=\"elementor-container elementor-column-gap-default\">\n\t\t\t\t\t<div class=\"elementor-column elementor-col-50 elementor-top-column elementor-element elementor-element-584d762\" data-id=\"584d762\" data-element_type=\"column\">\n\t\t\t<div class=\"elementor-widget-wrap elementor-element-populated\">\n\t\t\t\t\t\t<div class=\"elementor-element elementor-element-1bbc2c8 elementor-widget__width-initial elementor-widget elementor-widget-image\" data-id=\"1bbc2c8\" data-element_type=\"widget\" data-widget_type=\"image.default\">\n\t\t\t\t<div class=\"elementor-widget-container\">\n\t\t\t\t\t\t\t\t\t\t\t\t\t\t\t<img decoding=\"async\" width=\"300\" height=\"172\" src=\"https:\/\/fundacioncactusazul.org\/FITIJ\/wp-content\/uploads\/2025\/05\/guasguas-cactus-300x172.png\" class=\"attachment-medium size-medium wp-image-8247\" alt=\"\" srcset=\"https:\/\/fundacioncactusazul.org\/FITIJ\/wp-content\/uploads\/2025\/05\/guasguas-cactus-300x172.png 300w, https:\/\/fundacioncactusazul.org\/FITIJ\/wp-content\/uploads\/2025\/05\/guasguas-cactus-1024x586.png 1024w, https:\/\/fundacioncactusazul.org\/FITIJ\/wp-content\/uploads\/2025\/05\/guasguas-cactus-768x439.png 768w, https:\/\/fundacioncactusazul.org\/FITIJ\/wp-content\/uploads\/2025\/05\/guasguas-cactus-1536x878.png 1536w, https:\/\/fundacioncactusazul.org\/FITIJ\/wp-content\/uploads\/2025\/05\/guasguas-cactus-2048x1171.png 2048w, https:\/\/fundacioncactusazul.org\/FITIJ\/wp-content\/uploads\/2025\/05\/guasguas-cactus-2000x1144.png 2000w\" sizes=\"100vw\" \/>\t\t\t\t\t\t\t\t\t\t\t\t\t\t\t<\/div>\n\t\t\t\t<\/div>\n\t\t\t\t\t<\/div>\n\t\t<\/div>\n\t\t\t\t<div class=\"elementor-column elementor-col-50 elementor-top-column elementor-element elementor-element-d935090\" data-id=\"d935090\" data-element_type=\"column\">\n\t\t\t<div class=\"elementor-widget-wrap elementor-element-populated\">\n\t\t\t\t\t\t<div class=\"elementor-element elementor-element-812d8fb elementor-widget__width-initial elementor-widget elementor-widget-image\" data-id=\"812d8fb\" data-element_type=\"widget\" data-widget_type=\"image.default\">\n\t\t\t\t<div class=\"elementor-widget-container\">\n\t\t\t\t\t\t\t\t\t\t\t\t\t\t\t<img decoding=\"async\" width=\"591\" height=\"199\" src=\"https:\/\/fundacioncactusazul.org\/FITIJ\/wp-content\/uploads\/2025\/09\/QUITO6.png\" class=\"attachment-inspiro-featured-image size-inspiro-featured-image wp-image-8373\" alt=\"\" srcset=\"https:\/\/fundacioncactusazul.org\/FITIJ\/wp-content\/uploads\/2025\/09\/QUITO6.png 591w, https:\/\/fundacioncactusazul.org\/FITIJ\/wp-content\/uploads\/2025\/09\/QUITO6-300x101.png 300w\" sizes=\"100vw\" \/>\t\t\t\t\t\t\t\t\t\t\t\t\t\t\t<\/div>\n\t\t\t\t<\/div>\n\t\t\t\t\t<\/div>\n\t\t<\/div>\n\t\t\t\t\t<\/div>\n\t\t<\/section>\n\t\t\t\t<section class=\"elementor-section elementor-top-section elementor-element elementor-element-6782902 elementor-section-boxed elementor-section-height-default elementor-section-height-default\" data-id=\"6782902\" data-element_type=\"section\">\n\t\t\t\t\t\t<div class=\"elementor-container elementor-column-gap-default\">\n\t\t\t\t\t<div class=\"elementor-column elementor-col-100 elementor-top-column elementor-element elementor-element-e06b5f5\" data-id=\"e06b5f5\" data-element_type=\"column\">\n\t\t\t<div class=\"elementor-widget-wrap elementor-element-populated\">\n\t\t\t\t\t\t<div class=\"elementor-element elementor-element-8756e10 elementor-widget__width-initial elementor-widget elementor-widget-image\" data-id=\"8756e10\" data-element_type=\"widget\" data-widget_type=\"image.default\">\n\t\t\t\t<div class=\"elementor-widget-container\">\n\t\t\t\t\t\t\t\t\t\t\t\t\t\t\t<img loading=\"lazy\" decoding=\"async\" width=\"751\" height=\"218\" src=\"https:\/\/fundacioncactusazul.org\/FITIJ\/wp-content\/uploads\/2025\/09\/IFAIC4.png\" class=\"attachment-large size-large wp-image-8504\" alt=\"\" srcset=\"https:\/\/fundacioncactusazul.org\/FITIJ\/wp-content\/uploads\/2025\/09\/IFAIC4.png 751w, https:\/\/fundacioncactusazul.org\/FITIJ\/wp-content\/uploads\/2025\/09\/IFAIC4-300x87.png 300w\" sizes=\"100vw\" \/>\t\t\t\t\t\t\t\t\t\t\t\t\t\t\t<\/div>\n\t\t\t\t<\/div>\n\t\t\t\t\t<\/div>\n\t\t<\/div>\n\t\t\t\t\t<\/div>\n\t\t<\/section>\n\t\t\t\t<\/div>\n\t\t","protected":false},"excerpt":{"rendered":"<p>AUSPICIANTES Y COLABORADORES Durante estos 17 a\u00f1os hemos contado con el auspicio, y colaboraci\u00f3n de: PRONI\u00d1O MOVISTAR, ICAM, Radio la Luna, Radio P\u00fablica del Ecuador, Diario el Tel\u00e9grafo, Minga Social Comunicaci\u00f3n &#8211; Cuerpos diplom\u00e1ticos de: Espa\u00f1a, Brasil, Colombia &#8211; Instituciones Culturales Internacionales como:\u00a0 CONACULTA (M\u00e9xico), FONARTES (Chile), Gobernaci\u00f3n de Antioquia, IAEM (Uruguay), Asociaci\u00f3n Humboldt (Alemania), &hellip; <\/p>\n<p class=\"link-more\"><a href=\"https:\/\/fundacioncactusazul.org\/FITIJ\/auspiciantes-e-instituciones-colaboradoras-a-lo-largo-de-los-anos\/\" class=\"more-link\">Leer m\u00e1s<span class=\"screen-reader-text\"> \u00abAuspiciantes y Colaboradores\u00bb<\/span><\/a><\/p>\n","protected":false},"author":1,"featured_media":0,"parent":0,"menu_order":0,"comment_status":"closed","ping_status":"closed","template":"","meta":{"footnotes":"","_links_to":"","_links_to_target":""},"class_list":["post-7424","page","type-page","status-publish","hentry"],"_links":{"self":[{"href":"https:\/\/fundacioncactusazul.org\/FITIJ\/wp-json\/wp\/v2\/pages\/7424","targetHints":{"allow":["GET"]}}],"collection":[{"href":"https:\/\/fundacioncactusazul.org\/FITIJ\/wp-json\/wp\/v2\/pages"}],"about":[{"href":"https:\/\/fundacioncactusazul.org\/FITIJ\/wp-json\/wp\/v2\/types\/page"}],"author":[{"embeddable":true,"href":"https:\/\/fundacioncactusazul.org\/FITIJ\/wp-json\/wp\/v2\/users\/1"}],"replies":[{"embeddable":true,"href":"https:\/\/fundacioncactusazul.org\/FITIJ\/wp-json\/wp\/v2\/comments?post=7424"}],"version-history":[{"count":57,"href":"https:\/\/fundacioncactusazul.org\/FITIJ\/wp-json\/wp\/v2\/pages\/7424\/revisions"}],"predecessor-version":[{"id":8507,"href":"https:\/\/fundacioncactusazul.org\/FITIJ\/wp-json\/wp\/v2\/pages\/7424\/revisions\/8507"}],"wp:attachment":[{"href":"https:\/\/fundacioncactusazul.org\/FITIJ\/wp-json\/wp\/v2\/media?parent=7424"}],"curies":[{"name":"wp","href":"https:\/\/api.w.org\/{rel}","templated":true}]}}