{"id":5325,"date":"2021-10-18T14:16:59","date_gmt":"2021-10-18T19:16:59","guid":{"rendered":"https:\/\/fundacioncactusazul.org\/FITIJ\/?page_id=5325"},"modified":"2025-11-18T22:44:58","modified_gmt":"2025-11-19T03:44:58","slug":"equipo-de-trabajo-2","status":"publish","type":"page","link":"https:\/\/fundacioncactusazul.org\/FITIJ\/equipo-de-trabajo-2\/","title":{"rendered":"EQUIPO DE TRABAJO"},"content":{"rendered":"\t\t<div data-elementor-type=\"wp-page\" data-elementor-id=\"5325\" class=\"elementor elementor-5325\">\n\t\t\t\t\t\t<section class=\"elementor-section elementor-top-section elementor-element elementor-element-e7734e1 elementor-section-boxed elementor-section-height-default elementor-section-height-default\" data-id=\"e7734e1\" data-element_type=\"section\">\n\t\t\t\t\t\t<div class=\"elementor-container elementor-column-gap-default\">\n\t\t\t\t\t<div class=\"elementor-column elementor-col-50 elementor-top-column elementor-element elementor-element-d581fb3\" data-id=\"d581fb3\" data-element_type=\"column\">\n\t\t\t<div class=\"elementor-widget-wrap elementor-element-populated\">\n\t\t\t\t\t\t<div class=\"elementor-element elementor-element-29eedc4 elementor-widget__width-initial elementor-widget elementor-widget-wpzoom-elementor-addons-slider\" data-id=\"29eedc4\" data-element_type=\"widget\" data-settings=\"{&quot;center&quot;:&quot;yes&quot;,&quot;navigation&quot;:&quot;none&quot;,&quot;animation_speed&quot;:300,&quot;autoplay&quot;:&quot;yes&quot;,&quot;autoplay_speed&quot;:3000,&quot;loop&quot;:&quot;yes&quot;,&quot;slides_to_show&quot;:1,&quot;slides_to_show_tablet&quot;:1,&quot;slides_to_show_mobile&quot;:1}\" data-widget_type=\"wpzoom-elementor-addons-slider.default\">\n\t\t\t\t<div class=\"elementor-widget-container\">\n\t\t\t\t\t<div class=\"wpzjs-slick wpz-slick wpz-slick--slider\">\n\n\t\t\t\n\t\t\t\t<div class=\"wpz-slick-slide\">\n\n\t\t\t\t\t<div class=\"wpz-slick-item\">\n\n\t\t\t\t\t\t\t\t\t\t\t\t\t<img decoding=\"async\" class=\"wpz-slick-img\" src=\"https:\/\/fundacioncactusazul.org\/FITIJ\/wp-content\/uploads\/2025\/09\/10-fondo-blanco-peque-2.png\" alt=\"\">\n\t\t\t\t\t\t\n\t\t\t\t\t\t\n\t\t\t\t\t\t\n\t\t\t\t\t<\/div>\n\n\t\t\t\t<\/div>\n\n\t\t\t\n\t\t<\/div>\n\n\t\t\n\t\t\n\t\t\t\t\t\t<\/div>\n\t\t\t\t<\/div>\n\t\t\t\t\t<\/div>\n\t\t<\/div>\n\t\t\t\t<div class=\"elementor-column elementor-col-50 elementor-top-column elementor-element elementor-element-b528d27\" data-id=\"b528d27\" data-element_type=\"column\">\n\t\t\t<div class=\"elementor-widget-wrap elementor-element-populated\">\n\t\t\t\t\t\t<div class=\"elementor-element elementor-element-f718e84 elementor-widget__width-initial elementor-widget elementor-widget-heading\" data-id=\"f718e84\" data-element_type=\"widget\" data-widget_type=\"heading.default\">\n\t\t\t\t<div class=\"elementor-widget-container\">\n\t\t\t\t\t<h2 class=\"elementor-heading-title elementor-size-default\">EQUIPO DE TRABAJO<\/h2>\t\t\t\t<\/div>\n\t\t\t\t<\/div>\n\t\t\t\t\t<\/div>\n\t\t<\/div>\n\t\t\t\t\t<\/div>\n\t\t<\/section>\n\t\t\t\t<section class=\"elementor-section elementor-top-section elementor-element elementor-element-464adda elementor-section-boxed elementor-section-height-default elementor-section-height-default\" data-id=\"464adda\" data-element_type=\"section\">\n\t\t\t\t\t\t<div class=\"elementor-container elementor-column-gap-default\">\n\t\t\t\t\t<div class=\"elementor-column elementor-col-100 elementor-top-column elementor-element elementor-element-f130046\" data-id=\"f130046\" data-element_type=\"column\">\n\t\t\t<div class=\"elementor-widget-wrap\">\n\t\t\t\t\t\t\t<\/div>\n\t\t<\/div>\n\t\t\t\t\t<\/div>\n\t\t<\/section>\n\t\t\t\t<section class=\"elementor-section elementor-top-section elementor-element elementor-element-29118c4 elementor-section-boxed elementor-section-height-default elementor-section-height-default\" data-id=\"29118c4\" data-element_type=\"section\">\n\t\t\t\t\t\t<div class=\"elementor-container elementor-column-gap-default\">\n\t\t\t\t\t<div class=\"elementor-column elementor-col-100 elementor-top-column elementor-element elementor-element-c0f5526\" data-id=\"c0f5526\" data-element_type=\"column\">\n\t\t\t<div class=\"elementor-widget-wrap elementor-element-populated\">\n\t\t\t\t\t\t<div class=\"elementor-element elementor-element-6c0932c elementor-widget elementor-widget-spacer\" data-id=\"6c0932c\" data-element_type=\"widget\" data-widget_type=\"spacer.default\">\n\t\t\t\t<div class=\"elementor-widget-container\">\n\t\t\t\t\t\t\t<div class=\"elementor-spacer\">\n\t\t\t<div class=\"elementor-spacer-inner\"><\/div>\n\t\t<\/div>\n\t\t\t\t\t\t<\/div>\n\t\t\t\t<\/div>\n\t\t\t\t\t<\/div>\n\t\t<\/div>\n\t\t\t\t\t<\/div>\n\t\t<\/section>\n\t\t\t\t<section class=\"elementor-section elementor-top-section elementor-element elementor-element-9841b35 elementor-section-boxed elementor-section-height-default elementor-section-height-default\" data-id=\"9841b35\" data-element_type=\"section\">\n\t\t\t\t\t\t<div class=\"elementor-container elementor-column-gap-default\">\n\t\t\t\t\t<div class=\"elementor-column elementor-col-33 elementor-top-column elementor-element elementor-element-36f32ae\" data-id=\"36f32ae\" data-element_type=\"column\">\n\t\t\t<div class=\"elementor-widget-wrap elementor-element-populated\">\n\t\t\t\t\t\t<div class=\"elementor-element elementor-element-5d981f1 e-transform elementor-widget elementor-widget-image\" data-id=\"5d981f1\" data-element_type=\"widget\" data-settings=\"{&quot;_transform_scale_effect_hover&quot;:{&quot;unit&quot;:&quot;px&quot;,&quot;size&quot;:1.1,&quot;sizes&quot;:[]},&quot;_transform_scale_effect_hover_tablet&quot;:{&quot;unit&quot;:&quot;px&quot;,&quot;size&quot;:&quot;&quot;,&quot;sizes&quot;:[]},&quot;_transform_scale_effect_hover_mobile&quot;:{&quot;unit&quot;:&quot;px&quot;,&quot;size&quot;:&quot;&quot;,&quot;sizes&quot;:[]}}\" data-widget_type=\"image.default\">\n\t\t\t\t<div class=\"elementor-widget-container\">\n\t\t\t\t\t\t\t\t\t\t\t\t\t\t\t\t<a href=\"https:\/\/fundacioncactusazul.org\/FITIJ\/zaydum-choez\/\" target=\"_blank\">\n\t\t\t\t\t\t\t<img fetchpriority=\"high\" decoding=\"async\" width=\"240\" height=\"300\" src=\"https:\/\/fundacioncactusazul.org\/FITIJ\/wp-content\/uploads\/2021\/10\/3435-240x300.jpg\" class=\"attachment-medium size-medium wp-image-5343\" alt=\"\" srcset=\"https:\/\/fundacioncactusazul.org\/FITIJ\/wp-content\/uploads\/2021\/10\/3435-240x300.jpg 240w, https:\/\/fundacioncactusazul.org\/FITIJ\/wp-content\/uploads\/2021\/10\/3435.jpg 600w\" sizes=\"100vw\" \/>\t\t\t\t\t\t\t\t<\/a>\n\t\t\t\t\t\t\t\t\t\t\t\t\t\t\t<\/div>\n\t\t\t\t<\/div>\n\t\t\t\t<div class=\"elementor-element elementor-element-e487eab elementor-widget elementor-widget-text-editor\" data-id=\"e487eab\" data-element_type=\"widget\" data-widget_type=\"text-editor.default\">\n\t\t\t\t<div class=\"elementor-widget-container\">\n\t\t\t\t\t\t\t\t\t<h4 style=\"text-align: center;\"><span style=\"font-family: arial black, sans-serif;\">Ben Zaydum Dar\u00edo Ch\u00f3ez Espinosa<\/span><\/h4><pre><span style=\"font-family: arial, helvetica, sans-serif;\">Director <\/span><br \/><span style=\"font-family: arial, helvetica, sans-serif;\">FITIJ GUAGUAS DE MA\u00cdZ<\/span><\/pre><div>\u00a0<\/div><div>\u00a0<\/div>\t\t\t\t\t\t\t\t<\/div>\n\t\t\t\t<\/div>\n\t\t\t\t\t<\/div>\n\t\t<\/div>\n\t\t\t\t<div class=\"elementor-column elementor-col-33 elementor-top-column elementor-element elementor-element-5b4a68f\" data-id=\"5b4a68f\" data-element_type=\"column\">\n\t\t\t<div class=\"elementor-widget-wrap elementor-element-populated\">\n\t\t\t\t\t\t<div class=\"elementor-element elementor-element-f942ec8 e-transform elementor-widget elementor-widget-image\" data-id=\"f942ec8\" data-element_type=\"widget\" data-settings=\"{&quot;_transform_scale_effect_hover&quot;:{&quot;unit&quot;:&quot;px&quot;,&quot;size&quot;:1.1,&quot;sizes&quot;:[]},&quot;_transform_scale_effect_hover_tablet&quot;:{&quot;unit&quot;:&quot;px&quot;,&quot;size&quot;:&quot;&quot;,&quot;sizes&quot;:[]},&quot;_transform_scale_effect_hover_mobile&quot;:{&quot;unit&quot;:&quot;px&quot;,&quot;size&quot;:&quot;&quot;,&quot;sizes&quot;:[]}}\" data-widget_type=\"image.default\">\n\t\t\t\t<div class=\"elementor-widget-container\">\n\t\t\t\t\t\t\t\t\t\t\t\t\t\t\t\t<a href=\"https:\/\/fundacioncactusazul.org\/FITIJ\/mafer-borja\/\" target=\"_blank\">\n\t\t\t\t\t\t\t<img decoding=\"async\" width=\"300\" height=\"300\" src=\"https:\/\/fundacioncactusazul.org\/FITIJ\/wp-content\/uploads\/2021\/10\/WP_20160901_001-300x300.jpg\" class=\"attachment-medium size-medium wp-image-5333\" alt=\"\" srcset=\"https:\/\/fundacioncactusazul.org\/FITIJ\/wp-content\/uploads\/2021\/10\/WP_20160901_001-300x300.jpg 300w, https:\/\/fundacioncactusazul.org\/FITIJ\/wp-content\/uploads\/2021\/10\/WP_20160901_001-150x150.jpg 150w, https:\/\/fundacioncactusazul.org\/FITIJ\/wp-content\/uploads\/2021\/10\/WP_20160901_001.jpg 565w\" sizes=\"100vw\" \/>\t\t\t\t\t\t\t\t<\/a>\n\t\t\t\t\t\t\t\t\t\t\t\t\t\t\t<\/div>\n\t\t\t\t<\/div>\n\t\t\t\t<div class=\"elementor-element elementor-element-152e3da elementor-widget elementor-widget-text-editor\" data-id=\"152e3da\" data-element_type=\"widget\" data-widget_type=\"text-editor.default\">\n\t\t\t\t<div class=\"elementor-widget-container\">\n\t\t\t\t\t\t\t\t\t<h4 style=\"text-align: center;\"><span style=\"font-family: arial black, sans-serif;\">Mar\u00eda Fernanda Borja Romero<\/span><\/h4><pre><span style=\"font-family: arial, helvetica, sans-serif;\">Productora General<\/span><br \/><span style=\"font-family: arial, helvetica, sans-serif;\">FITIJ GUAGUAS DE MA\u00cdZ<\/span><\/pre>\t\t\t\t\t\t\t\t<\/div>\n\t\t\t\t<\/div>\n\t\t\t\t\t<\/div>\n\t\t<\/div>\n\t\t\t\t<div class=\"elementor-column elementor-col-33 elementor-top-column elementor-element elementor-element-a996ebb\" data-id=\"a996ebb\" data-element_type=\"column\">\n\t\t\t<div class=\"elementor-widget-wrap elementor-element-populated\">\n\t\t\t\t\t\t<div class=\"elementor-element elementor-element-7913f27 e-transform elementor-widget elementor-widget-image\" data-id=\"7913f27\" data-element_type=\"widget\" data-settings=\"{&quot;_transform_scale_effect_hover&quot;:{&quot;unit&quot;:&quot;px&quot;,&quot;size&quot;:1.1,&quot;sizes&quot;:[]},&quot;_transform_scale_effect_hover_tablet&quot;:{&quot;unit&quot;:&quot;px&quot;,&quot;size&quot;:&quot;&quot;,&quot;sizes&quot;:[]},&quot;_transform_scale_effect_hover_mobile&quot;:{&quot;unit&quot;:&quot;px&quot;,&quot;size&quot;:&quot;&quot;,&quot;sizes&quot;:[]}}\" data-widget_type=\"image.default\">\n\t\t\t\t<div class=\"elementor-widget-container\">\n\t\t\t\t\t\t\t\t\t\t\t\t\t\t\t\t<a href=\"https:\/\/fundacioncactusazul.org\/FITIJ\/camilo-choez\/\" target=\"_blank\">\n\t\t\t\t\t\t\t<img decoding=\"async\" width=\"293\" height=\"300\" src=\"https:\/\/fundacioncactusazul.org\/FITIJ\/wp-content\/uploads\/2025\/01\/FOTO-CAMILO-1-1-293x300.jpg\" class=\"attachment-medium size-medium wp-image-7413\" alt=\"\" srcset=\"https:\/\/fundacioncactusazul.org\/FITIJ\/wp-content\/uploads\/2025\/01\/FOTO-CAMILO-1-1-293x300.jpg 293w, https:\/\/fundacioncactusazul.org\/FITIJ\/wp-content\/uploads\/2025\/01\/FOTO-CAMILO-1-1.jpg 591w\" sizes=\"100vw\" \/>\t\t\t\t\t\t\t\t<\/a>\n\t\t\t\t\t\t\t\t\t\t\t\t\t\t\t<\/div>\n\t\t\t\t<\/div>\n\t\t\t\t<div class=\"elementor-element elementor-element-ea2568f elementor-widget elementor-widget-text-editor\" data-id=\"ea2568f\" data-element_type=\"widget\" data-widget_type=\"text-editor.default\">\n\t\t\t\t<div class=\"elementor-widget-container\">\n\t\t\t\t\t\t\t\t\t<h4 style=\"text-align: center;\"><span style=\"font-family: arial black, sans-serif;\">Camilo Ch\u00f3ez D\u00e1vila<\/span><\/h4><pre><span style=\"font-family: arial, helvetica, sans-serif;\">Productor Ejecutivo<\/span><br \/><span style=\"font-family: arial, helvetica, sans-serif;\">FITIJ GUAGUAS DE MA\u00cdZ<\/span><\/pre>\t\t\t\t\t\t\t\t<\/div>\n\t\t\t\t<\/div>\n\t\t\t\t\t<\/div>\n\t\t<\/div>\n\t\t\t\t\t<\/div>\n\t\t<\/section>\n\t\t\t\t<section class=\"elementor-section elementor-top-section elementor-element elementor-element-893554e elementor-section-boxed elementor-section-height-default elementor-section-height-default\" data-id=\"893554e\" data-element_type=\"section\">\n\t\t\t\t\t\t<div class=\"elementor-container elementor-column-gap-default\">\n\t\t\t\t\t<div class=\"elementor-column elementor-col-25 elementor-top-column elementor-element elementor-element-5adee18\" data-id=\"5adee18\" data-element_type=\"column\">\n\t\t\t<div class=\"elementor-widget-wrap\">\n\t\t\t\t\t\t\t<\/div>\n\t\t<\/div>\n\t\t\t\t<div class=\"elementor-column elementor-col-25 elementor-top-column elementor-element elementor-element-f0a84eb\" data-id=\"f0a84eb\" data-element_type=\"column\">\n\t\t\t<div class=\"elementor-widget-wrap elementor-element-populated\">\n\t\t\t\t\t\t<div class=\"elementor-element elementor-element-8c5bae9 e-transform elementor-widget elementor-widget-image\" data-id=\"8c5bae9\" data-element_type=\"widget\" data-settings=\"{&quot;_transform_scale_effect_hover&quot;:{&quot;unit&quot;:&quot;px&quot;,&quot;size&quot;:1.1,&quot;sizes&quot;:[]},&quot;_transform_scale_effect_hover_tablet&quot;:{&quot;unit&quot;:&quot;px&quot;,&quot;size&quot;:&quot;&quot;,&quot;sizes&quot;:[]},&quot;_transform_scale_effect_hover_mobile&quot;:{&quot;unit&quot;:&quot;px&quot;,&quot;size&quot;:&quot;&quot;,&quot;sizes&quot;:[]}}\" data-widget_type=\"image.default\">\n\t\t\t\t<div class=\"elementor-widget-container\">\n\t\t\t\t\t\t\t\t\t\t\t\t\t\t\t\t<a href=\"https:\/\/fundacioncactusazul.org\/FITIJ\/jhonny-lopez\/\" target=\"_blank\">\n\t\t\t\t\t\t\t<img loading=\"lazy\" decoding=\"async\" width=\"235\" height=\"300\" src=\"https:\/\/fundacioncactusazul.org\/FITIJ\/wp-content\/uploads\/2025\/11\/Juanito-1-235x300.jpg\" class=\"attachment-medium size-medium wp-image-8799\" alt=\"\" srcset=\"https:\/\/fundacioncactusazul.org\/FITIJ\/wp-content\/uploads\/2025\/11\/Juanito-1-235x300.jpg 235w, https:\/\/fundacioncactusazul.org\/FITIJ\/wp-content\/uploads\/2025\/11\/Juanito-1.jpg 471w\" sizes=\"100vw\" \/>\t\t\t\t\t\t\t\t<\/a>\n\t\t\t\t\t\t\t\t\t\t\t\t\t\t\t<\/div>\n\t\t\t\t<\/div>\n\t\t\t\t<div class=\"elementor-element elementor-element-c07767c elementor-widget elementor-widget-text-editor\" data-id=\"c07767c\" data-element_type=\"widget\" data-widget_type=\"text-editor.default\">\n\t\t\t\t<div class=\"elementor-widget-container\">\n\t\t\t\t\t\t\t\t\t<h4 style=\"text-align: center;\"><span style=\"font-family: arial black, sans-serif;\">J<strong>honny L\u00f3pez <span style=\"font-size: 8pt;\">(Juanito)<\/span><\/strong><\/span><\/h4><pre><span style=\"font-family: arial, helvetica, sans-serif;\">Coordinador Comunicaci\u00f3n<\/span><br \/><span style=\"font-family: arial, helvetica, sans-serif;\">FITIJ GUAGUAS DE MA\u00cdZ<\/span><\/pre>\t\t\t\t\t\t\t\t<\/div>\n\t\t\t\t<\/div>\n\t\t\t\t\t<\/div>\n\t\t<\/div>\n\t\t\t\t<div class=\"elementor-column elementor-col-25 elementor-top-column elementor-element elementor-element-7315340\" data-id=\"7315340\" data-element_type=\"column\">\n\t\t\t<div class=\"elementor-widget-wrap elementor-element-populated\">\n\t\t\t\t\t\t<div class=\"elementor-element elementor-element-843eaed e-transform elementor-widget elementor-widget-image\" data-id=\"843eaed\" data-element_type=\"widget\" data-settings=\"{&quot;_transform_scale_effect_hover&quot;:{&quot;unit&quot;:&quot;px&quot;,&quot;size&quot;:1.1,&quot;sizes&quot;:[]},&quot;_transform_scale_effect_hover_tablet&quot;:{&quot;unit&quot;:&quot;px&quot;,&quot;size&quot;:&quot;&quot;,&quot;sizes&quot;:[]},&quot;_transform_scale_effect_hover_mobile&quot;:{&quot;unit&quot;:&quot;px&quot;,&quot;size&quot;:&quot;&quot;,&quot;sizes&quot;:[]}}\" data-widget_type=\"image.default\">\n\t\t\t\t<div class=\"elementor-widget-container\">\n\t\t\t\t\t\t\t\t\t\t\t\t\t\t\t\t<a href=\"https:\/\/fundacioncactusazul.org\/FITIJ\/luismi-cevallos\/\" target=\"_blank\">\n\t\t\t\t\t\t\t<img loading=\"lazy\" decoding=\"async\" width=\"243\" height=\"300\" src=\"https:\/\/fundacioncactusazul.org\/FITIJ\/wp-content\/uploads\/2025\/02\/DSC02431-243x300.jpg\" class=\"attachment-medium size-medium wp-image-7833\" alt=\"\" srcset=\"https:\/\/fundacioncactusazul.org\/FITIJ\/wp-content\/uploads\/2025\/02\/DSC02431-243x300.jpg 243w, https:\/\/fundacioncactusazul.org\/FITIJ\/wp-content\/uploads\/2025\/02\/DSC02431-830x1024.jpg 830w, https:\/\/fundacioncactusazul.org\/FITIJ\/wp-content\/uploads\/2025\/02\/DSC02431-768x947.jpg 768w, https:\/\/fundacioncactusazul.org\/FITIJ\/wp-content\/uploads\/2025\/02\/DSC02431-1245x1536.jpg 1245w, https:\/\/fundacioncactusazul.org\/FITIJ\/wp-content\/uploads\/2025\/02\/DSC02431-1660x2048.jpg 1660w, https:\/\/fundacioncactusazul.org\/FITIJ\/wp-content\/uploads\/2025\/02\/DSC02431-2000x2467.jpg 2000w\" sizes=\"100vw\" \/>\t\t\t\t\t\t\t\t<\/a>\n\t\t\t\t\t\t\t\t\t\t\t\t\t\t\t<\/div>\n\t\t\t\t<\/div>\n\t\t\t\t<div class=\"elementor-element elementor-element-149dc45 elementor-widget elementor-widget-text-editor\" data-id=\"149dc45\" data-element_type=\"widget\" data-widget_type=\"text-editor.default\">\n\t\t\t\t<div class=\"elementor-widget-container\">\n\t\t\t\t\t\t\t\t\t<h4 style=\"text-align: center;\"><span style=\"font-family: arial black, sans-serif;\">Luis Miguel Cevallos\u00a0<\/span><\/h4><pre><span style=\"font-family: arial, helvetica, sans-serif;\">Coordinaci\u00f3n T\u00e9cnica<\/span><br \/><span style=\"font-family: arial, helvetica, sans-serif;\">FITIJ GUAGUAS DE MA\u00cdZ<\/span><\/pre>\t\t\t\t\t\t\t\t<\/div>\n\t\t\t\t<\/div>\n\t\t\t\t\t<\/div>\n\t\t<\/div>\n\t\t\t\t<div class=\"elementor-column elementor-col-25 elementor-top-column elementor-element elementor-element-8232bfb\" data-id=\"8232bfb\" data-element_type=\"column\">\n\t\t\t<div class=\"elementor-widget-wrap\">\n\t\t\t\t\t\t\t<\/div>\n\t\t<\/div>\n\t\t\t\t\t<\/div>\n\t\t<\/section>\n\t\t\t\t<section class=\"elementor-section elementor-top-section elementor-element elementor-element-a6e72f4 elementor-section-boxed elementor-section-height-default elementor-section-height-default\" data-id=\"a6e72f4\" data-element_type=\"section\">\n\t\t\t\t\t\t<div class=\"elementor-container elementor-column-gap-default\">\n\t\t\t\t\t<div class=\"elementor-column elementor-col-100 elementor-top-column elementor-element elementor-element-2ba1534\" data-id=\"2ba1534\" data-element_type=\"column\">\n\t\t\t<div class=\"elementor-widget-wrap elementor-element-populated\">\n\t\t\t\t\t\t<div class=\"elementor-element elementor-element-450ea82 elementor-widget__width-initial elementor-widget elementor-widget-wpzoom-elementor-addons-slider\" data-id=\"450ea82\" data-element_type=\"widget\" data-settings=\"{&quot;center&quot;:&quot;yes&quot;,&quot;vertical&quot;:&quot;yes&quot;,&quot;navigation&quot;:&quot;none&quot;,&quot;animation_speed&quot;:300,&quot;autoplay&quot;:&quot;yes&quot;,&quot;autoplay_speed&quot;:3000,&quot;loop&quot;:&quot;yes&quot;,&quot;slides_to_show&quot;:1,&quot;slides_to_show_tablet&quot;:1,&quot;slides_to_show_mobile&quot;:1}\" data-widget_type=\"wpzoom-elementor-addons-slider.default\">\n\t\t\t\t<div class=\"elementor-widget-container\">\n\t\t\t\t\t<div class=\"wpzjs-slick wpz-slick wpz-slick--slider\">\n\n\t\t\t\n\t\t\t\t<div class=\"wpz-slick-slide\">\n\n\t\t\t\t\t<div class=\"wpz-slick-item\">\n\n\t\t\t\t\t\t\t\t\t\t\t\t\t<img decoding=\"async\" class=\"wpz-slick-img\" src=\"https:\/\/fundacioncactusazul.org\/FITIJ\/wp-content\/uploads\/2025\/09\/5FONDO-BLANCO-PEQUE.png\" alt=\"\">\n\t\t\t\t\t\t\n\t\t\t\t\t\t\n\t\t\t\t\t\t\n\t\t\t\t\t<\/div>\n\n\t\t\t\t<\/div>\n\n\t\t\t\n\t\t<\/div>\n\n\t\t\n\t\t\n\t\t\t\t\t\t<\/div>\n\t\t\t\t<\/div>\n\t\t\t\t\t<\/div>\n\t\t<\/div>\n\t\t\t\t\t<\/div>\n\t\t<\/section>\n\t\t\t\t<\/div>\n\t\t","protected":false},"excerpt":{"rendered":"<p>EQUIPO DE TRABAJO Ben Zaydum Dar\u00edo Ch\u00f3ez Espinosa Director FITIJ GUAGUAS DE MA\u00cdZ \u00a0\u00a0 Mar\u00eda Fernanda Borja Romero Productora GeneralFITIJ GUAGUAS DE MA\u00cdZ Camilo Ch\u00f3ez D\u00e1vila Productor EjecutivoFITIJ GUAGUAS DE MA\u00cdZ Jhonny L\u00f3pez (Juanito) Coordinador Comunicaci\u00f3nFITIJ GUAGUAS DE MA\u00cdZ Luis Miguel Cevallos\u00a0 Coordinaci\u00f3n T\u00e9cnicaFITIJ GUAGUAS DE MA\u00cdZ<\/p>\n","protected":false},"author":1,"featured_media":0,"parent":0,"menu_order":0,"comment_status":"closed","ping_status":"closed","template":"","meta":{"footnotes":"","_links_to":"","_links_to_target":""},"class_list":["post-5325","page","type-page","status-publish","hentry"],"_links":{"self":[{"href":"https:\/\/fundacioncactusazul.org\/FITIJ\/wp-json\/wp\/v2\/pages\/5325","targetHints":{"allow":["GET"]}}],"collection":[{"href":"https:\/\/fundacioncactusazul.org\/FITIJ\/wp-json\/wp\/v2\/pages"}],"about":[{"href":"https:\/\/fundacioncactusazul.org\/FITIJ\/wp-json\/wp\/v2\/types\/page"}],"author":[{"embeddable":true,"href":"https:\/\/fundacioncactusazul.org\/FITIJ\/wp-json\/wp\/v2\/users\/1"}],"replies":[{"embeddable":true,"href":"https:\/\/fundacioncactusazul.org\/FITIJ\/wp-json\/wp\/v2\/comments?post=5325"}],"version-history":[{"count":131,"href":"https:\/\/fundacioncactusazul.org\/FITIJ\/wp-json\/wp\/v2\/pages\/5325\/revisions"}],"predecessor-version":[{"id":8828,"href":"https:\/\/fundacioncactusazul.org\/FITIJ\/wp-json\/wp\/v2\/pages\/5325\/revisions\/8828"}],"wp:attachment":[{"href":"https:\/\/fundacioncactusazul.org\/FITIJ\/wp-json\/wp\/v2\/media?parent=5325"}],"curies":[{"name":"wp","href":"https:\/\/api.w.org\/{rel}","templated":true}]}}