{"id":2170,"date":"2020-06-16T16:45:33","date_gmt":"2020-06-16T16:45:33","guid":{"rendered":"https:\/\/fundacioncactusazul.org\/FITIJ\/?page_id=2170"},"modified":"2025-02-04T14:08:54","modified_gmt":"2025-02-04T19:08:54","slug":"el-arbol-no-me-olvides","status":"publish","type":"page","link":"https:\/\/fundacioncactusazul.org\/FITIJ\/el-arbol-no-me-olvides\/","title":{"rendered":"EL \u00c1RBOL NO ME OLVIDES"},"content":{"rendered":"\t\t<div data-elementor-type=\"wp-post\" data-elementor-id=\"2170\" class=\"elementor elementor-2170\">\n\t\t\t\t\t\t<section class=\"elementor-section elementor-top-section elementor-element elementor-element-fd16105 elementor-section-boxed elementor-section-height-default elementor-section-height-default\" data-id=\"fd16105\" data-element_type=\"section\">\n\t\t\t\t\t\t<div class=\"elementor-container elementor-column-gap-default\">\n\t\t\t\t\t<div class=\"elementor-column elementor-col-100 elementor-top-column elementor-element elementor-element-62741d8\" data-id=\"62741d8\" data-element_type=\"column\">\n\t\t\t<div class=\"elementor-widget-wrap elementor-element-populated\">\n\t\t\t\t\t\t<div class=\"elementor-element elementor-element-96603a1 elementor-widget elementor-widget-image\" data-id=\"96603a1\" data-element_type=\"widget\" data-widget_type=\"image.default\">\n\t\t\t\t<div class=\"elementor-widget-container\">\n\t\t\t\t\t\t\t\t\t\t\t\t\t\t\t<img fetchpriority=\"high\" decoding=\"async\" width=\"930\" height=\"150\" src=\"https:\/\/fundacioncactusazul.org\/FITIJ\/wp-content\/uploads\/2020\/06\/arbolnomeovides1-2.png\" class=\"attachment-large size-large wp-image-2255\" alt=\"\" srcset=\"https:\/\/fundacioncactusazul.org\/FITIJ\/wp-content\/uploads\/2020\/06\/arbolnomeovides1-2.png 930w, https:\/\/fundacioncactusazul.org\/FITIJ\/wp-content\/uploads\/2020\/06\/arbolnomeovides1-2-300x48.png 300w, https:\/\/fundacioncactusazul.org\/FITIJ\/wp-content\/uploads\/2020\/06\/arbolnomeovides1-2-768x124.png 768w\" sizes=\"100vw\" \/>\t\t\t\t\t\t\t\t\t\t\t\t\t\t\t<\/div>\n\t\t\t\t<\/div>\n\t\t\t\t\t<\/div>\n\t\t<\/div>\n\t\t\t\t\t<\/div>\n\t\t<\/section>\n\t\t\t\t<section class=\"elementor-section elementor-top-section elementor-element elementor-element-017f2ed elementor-section-boxed elementor-section-height-default elementor-section-height-default\" data-id=\"017f2ed\" data-element_type=\"section\">\n\t\t\t\t\t\t<div class=\"elementor-container elementor-column-gap-default\">\n\t\t\t\t\t<div class=\"elementor-column elementor-col-50 elementor-top-column elementor-element elementor-element-3303c27\" data-id=\"3303c27\" data-element_type=\"column\">\n\t\t\t<div class=\"elementor-widget-wrap elementor-element-populated\">\n\t\t\t\t\t\t<div class=\"elementor-element elementor-element-5879336 elementor-widget elementor-widget-image\" data-id=\"5879336\" data-element_type=\"widget\" data-widget_type=\"image.default\">\n\t\t\t\t<div class=\"elementor-widget-container\">\n\t\t\t\t\t\t\t\t\t\t\t\t\t\t\t<img decoding=\"async\" width=\"598\" height=\"747\" src=\"https:\/\/fundacioncactusazul.org\/FITIJ\/wp-content\/uploads\/2020\/06\/arbolnomeovides1-4.png\" class=\"attachment-large size-large wp-image-2260\" alt=\"\" srcset=\"https:\/\/fundacioncactusazul.org\/FITIJ\/wp-content\/uploads\/2020\/06\/arbolnomeovides1-4.png 598w, https:\/\/fundacioncactusazul.org\/FITIJ\/wp-content\/uploads\/2020\/06\/arbolnomeovides1-4-240x300.png 240w\" sizes=\"100vw\" \/>\t\t\t\t\t\t\t\t\t\t\t\t\t\t\t<\/div>\n\t\t\t\t<\/div>\n\t\t\t\t\t<\/div>\n\t\t<\/div>\n\t\t\t\t<div class=\"elementor-column elementor-col-50 elementor-top-column elementor-element elementor-element-5f8ca2e\" data-id=\"5f8ca2e\" data-element_type=\"column\">\n\t\t\t<div class=\"elementor-widget-wrap elementor-element-populated\">\n\t\t\t\t\t\t<div class=\"elementor-element elementor-element-40bfee3 elementor-widget elementor-widget-text-editor\" data-id=\"40bfee3\" data-element_type=\"widget\" data-widget_type=\"text-editor.default\">\n\t\t\t\t<div class=\"elementor-widget-container\">\n\t\t\t\t\t\t\t\t\t<p><span style=\"color: #454545; font-family: Helvetica Neue; font-size: 12pt;\"><b>EL \u00c1RBOL NO ME OLVIDES<\/b><\/span><\/p><p style=\"margin-bottom: 0px; font-variant-numeric: normal; font-variant-east-asian: normal; font-stretch: normal; font-size: 12px; line-height: normal; font-family: 'Helvetica Neue'; color: #454545;\"><span style=\"font-size: 12pt;\">\u00bfTe imaginas que no te acuerdes de nada, absolutamente de nada, que no sepas como te llamas, o quien es tu familia, o donde vives?\u2026., pues eso le paso a Jonathan, un ni\u00f1o, como tu y como muchos ni\u00f1os.<\/span><\/p><p style=\"margin-bottom: 0px; font-variant-numeric: normal; font-variant-east-asian: normal; font-stretch: normal; font-size: 12px; line-height: normal; font-family: 'Helvetica Neue'; color: #454545;\">\u00a0<\/p><p style=\"margin-bottom: 0px; text-align: justify; font-variant-numeric: normal; font-variant-east-asian: normal; font-stretch: normal; font-size: 12px; line-height: normal; font-family: 'Helvetica Neue'; color: #454545;\"><span style=\"font-size: 12pt;\">Jhonathan vive en el campo, con su madre- Do\u00f1a Rosita-, hasta que un d\u00eda, algo extra\u00f1o\u00a0 paso con el agua del r\u00edo , Jonathan \u00a0se da cuenta que\u00a0 es capaz de hablar con las flores, , con su apoyo decid\u00ed descubrir el misterio del agua contaminada, lo cual no le ser\u00e1 nada f\u00e1cil \u00a0pues tendr\u00e1 que enfrentarse con el malvado Ratis y su ayudante Shunshing.<\/span><\/p><p style=\"margin-bottom: 0px; text-align: justify; font-variant-numeric: normal; font-variant-east-asian: normal; font-stretch: normal; font-size: 12px; line-height: normal; font-family: 'Helvetica Neue'; color: #454545;\">\u00a0<\/p><p style=\"margin-bottom: 0px; text-align: justify; font-variant-numeric: normal; font-variant-east-asian: normal; font-stretch: normal; font-size: 12px; line-height: normal; font-family: 'Helvetica Neue'; color: #454545;\"><span style=\"font-size: 12pt;\">El sabio sapo le habla del m\u00edtico \u00e1rbol \u201cNo me olvides\u201d; encontrarlo no ser\u00e1 nada f\u00e1cil, En su gran aventura Jhonathan, no solo encontrar\u00e1 su memoria, tambi\u00e9n encontrar\u00e1 muchas otras cosas maravillosas\u2026<\/span><\/p>\t\t\t\t\t\t\t\t<\/div>\n\t\t\t\t<\/div>\n\t\t\t\t\t<\/div>\n\t\t<\/div>\n\t\t\t\t\t<\/div>\n\t\t<\/section>\n\t\t\t\t<section class=\"elementor-section elementor-top-section elementor-element elementor-element-ab14421 elementor-section-boxed elementor-section-height-default elementor-section-height-default\" data-id=\"ab14421\" data-element_type=\"section\">\n\t\t\t\t\t\t<div class=\"elementor-container elementor-column-gap-default\">\n\t\t\t\t\t<div class=\"elementor-column elementor-col-100 elementor-top-column elementor-element elementor-element-63b0a30\" data-id=\"63b0a30\" data-element_type=\"column\">\n\t\t\t<div class=\"elementor-widget-wrap elementor-element-populated\">\n\t\t\t\t\t\t<div class=\"elementor-element elementor-element-83f03c1 elementor-widget elementor-widget-image\" data-id=\"83f03c1\" data-element_type=\"widget\" data-widget_type=\"image.default\">\n\t\t\t\t<div class=\"elementor-widget-container\">\n\t\t\t\t\t\t\t\t\t\t\t\t\t\t\t<img decoding=\"async\" width=\"930\" height=\"150\" src=\"https:\/\/fundacioncactusazul.org\/FITIJ\/wp-content\/uploads\/2020\/06\/arbolnomeovides1-1.png\" class=\"attachment-large size-large wp-image-2254\" alt=\"\" srcset=\"https:\/\/fundacioncactusazul.org\/FITIJ\/wp-content\/uploads\/2020\/06\/arbolnomeovides1-1.png 930w, https:\/\/fundacioncactusazul.org\/FITIJ\/wp-content\/uploads\/2020\/06\/arbolnomeovides1-1-300x48.png 300w, https:\/\/fundacioncactusazul.org\/FITIJ\/wp-content\/uploads\/2020\/06\/arbolnomeovides1-1-768x124.png 768w\" sizes=\"100vw\" \/>\t\t\t\t\t\t\t\t\t\t\t\t\t\t\t<\/div>\n\t\t\t\t<\/div>\n\t\t\t\t\t<\/div>\n\t\t<\/div>\n\t\t\t\t\t<\/div>\n\t\t<\/section>\n\t\t\t\t<section class=\"elementor-section elementor-top-section elementor-element elementor-element-dc5170f elementor-section-boxed elementor-section-height-default elementor-section-height-default\" data-id=\"dc5170f\" data-element_type=\"section\">\n\t\t\t\t\t\t<div class=\"elementor-container elementor-column-gap-default\">\n\t\t\t\t\t<div class=\"elementor-column elementor-col-33 elementor-top-column elementor-element elementor-element-92f4a4e\" data-id=\"92f4a4e\" data-element_type=\"column\">\n\t\t\t<div class=\"elementor-widget-wrap elementor-element-populated\">\n\t\t\t\t\t\t<div class=\"elementor-element elementor-element-6f30559 elementor-widget elementor-widget-image\" data-id=\"6f30559\" data-element_type=\"widget\" data-widget_type=\"image.default\">\n\t\t\t\t<div class=\"elementor-widget-container\">\n\t\t\t\t\t\t\t\t\t\t\t\t\t\t\t<img decoding=\"async\" src=\"https:\/\/fundacioncactusazul.org\/FITIJ\/wp-content\/uploads\/elementor\/thumbs\/arbolnomeovides1-5-or7whzrkz94k5pwrwf0l4eoebe8c880az9xt6hnm8c.png\" title=\"arbolnomeovides1-5\" alt=\"arbolnomeovides1-5\" loading=\"lazy\" \/>\t\t\t\t\t\t\t\t\t\t\t\t\t\t\t<\/div>\n\t\t\t\t<\/div>\n\t\t\t\t\t<\/div>\n\t\t<\/div>\n\t\t\t\t<div class=\"elementor-column elementor-col-33 elementor-top-column elementor-element elementor-element-e8325f4\" data-id=\"e8325f4\" data-element_type=\"column\">\n\t\t\t<div class=\"elementor-widget-wrap elementor-element-populated\">\n\t\t\t\t\t\t<div class=\"elementor-element elementor-element-cf9aa96 elementor-widget elementor-widget-text-editor\" data-id=\"cf9aa96\" data-element_type=\"widget\" data-widget_type=\"text-editor.default\">\n\t\t\t\t<div class=\"elementor-widget-container\">\n\t\t\t\t\t\t\t\t\t<p class=\"p1\" style=\"margin-bottom: 2px; font-variant-numeric: normal; font-variant-east-asian: normal; font-stretch: normal; font-size: 14px; line-height: normal; font-family: 'Helvetica Neue'; color: #454545;\"><span style=\"font-size: 12pt;\"><b>Ficha Art\u00edstica<\/b><\/span><\/p><p class=\"p2\" style=\"margin-bottom: 0px; font-variant-numeric: normal; font-variant-east-asian: normal; font-stretch: normal; font-size: 12px; line-height: normal; font-family: 'Helvetica Neue'; color: #454545;\"><span style=\"font-size: 12pt;\"><b>Actuaci\u00f3n<\/b><\/span><br \/><span style=\"font-size: 12pt;\">Mar\u00eda Fernanda Borja<\/span><br \/><span style=\"font-size: 12pt;\">Zaydum Ch\u00f3ez\/ Luis Miguel Cevallos<\/span><\/p><p class=\"p2\" style=\"margin-bottom: 0px; font-variant-numeric: normal; font-variant-east-asian: normal; font-stretch: normal; font-size: 12px; line-height: normal; font-family: 'Helvetica Neue'; color: #454545;\"><span style=\"font-size: 12pt;\">\u00a0Juanito L\u00f3pez (actor invitado)<\/span><br \/><span style=\"font-size: 12pt;\"><b>Concepci\u00f3n de escenograf\u00eda y vestuario<\/b><\/span><br \/><span style=\"font-size: 12pt;\">Taller Azul<\/span><br \/><span style=\"font-size: 12pt;\"><b>Realizaci\u00f3n de Escenograf\u00eda<\/b><\/span><br \/><span style=\"font-size: 12pt;\">Taller Azul, Hern\u00e1n Carrera<\/span><br \/><b><span style=\"font-size: 12pt;\">Realizaci\u00f3n y Concepci\u00f3n De T\u00edteres<\/span><\/b><br \/><span style=\"font-size: 12pt;\">Toys &amp; Pupetts.<\/span><br \/><span style=\"font-size: 12pt;\">Jos\u00e9 Jumbo.<\/span><br \/><span style=\"font-size: 12pt;\">Taller Azul.<\/span><br \/><span style=\"font-size: 12pt;\"><b>Fotograf\u00eda<\/b><\/span><br \/><span style=\"font-size: 12pt;\">Mafer Borja.<\/span><br \/><span style=\"font-size: 12pt;\"><b>Asistencia T\u00e9cnica<\/b><\/span><br \/><span style=\"font-size: 12pt;\">Camilo Ch\u00f3ez D\u00e1vila.<\/span><br \/><span style=\"font-size: 12pt;\"><b>Banda Sonora<\/b><\/span><br \/><span style=\"font-size: 12pt;\">M\u00fasica de: U\u00f1a Ramos,<\/span><br \/><span style=\"font-size: 12pt;\">Fidel Nadal, m\u00fasica originaria de Abya-yala,<\/span><br \/><span style=\"font-size: 12pt;\">Jaime Guevara, otros.<\/span><br \/><span style=\"font-size: 12pt;\"><b>Direcci\u00f3n General<\/b><\/span><br \/><span style=\"font-size: 12pt;\">Zaydum Ch\u00f3ez Espinosa.<\/span><\/p>\t\t\t\t\t\t\t\t<\/div>\n\t\t\t\t<\/div>\n\t\t\t\t\t<\/div>\n\t\t<\/div>\n\t\t\t\t<div class=\"elementor-column elementor-col-33 elementor-top-column elementor-element elementor-element-8804435\" data-id=\"8804435\" data-element_type=\"column\">\n\t\t\t<div class=\"elementor-widget-wrap elementor-element-populated\">\n\t\t\t\t\t\t<div class=\"elementor-element elementor-element-388d7c1 elementor-widget elementor-widget-image\" data-id=\"388d7c1\" data-element_type=\"widget\" data-widget_type=\"image.default\">\n\t\t\t\t<div class=\"elementor-widget-container\">\n\t\t\t\t\t\t\t\t\t\t\t\t\t\t\t<img decoding=\"async\" src=\"https:\/\/fundacioncactusazul.org\/FITIJ\/wp-content\/uploads\/elementor\/thumbs\/arbolnomeovides1-3-or7v78amyz46p31e9ixi4u8uig97o2yebv6j9sy7i0.png\" title=\"arbolnomeovides1-3\" alt=\"arbolnomeovides1-3\" loading=\"lazy\" \/>\t\t\t\t\t\t\t\t\t\t\t\t\t\t\t<\/div>\n\t\t\t\t<\/div>\n\t\t\t\t\t<\/div>\n\t\t<\/div>\n\t\t\t\t\t<\/div>\n\t\t<\/section>\n\t\t\t\t<section class=\"elementor-section elementor-top-section elementor-element elementor-element-5d8c1a4 elementor-section-boxed elementor-section-height-default elementor-section-height-default\" data-id=\"5d8c1a4\" data-element_type=\"section\">\n\t\t\t\t\t\t<div class=\"elementor-container elementor-column-gap-default\">\n\t\t\t\t\t<div class=\"elementor-column elementor-col-100 elementor-top-column elementor-element elementor-element-392501b\" data-id=\"392501b\" data-element_type=\"column\">\n\t\t\t<div class=\"elementor-widget-wrap elementor-element-populated\">\n\t\t\t\t\t\t<div class=\"elementor-element elementor-element-11135ce elementor-widget elementor-widget-image\" data-id=\"11135ce\" data-element_type=\"widget\" data-widget_type=\"image.default\">\n\t\t\t\t<div class=\"elementor-widget-container\">\n\t\t\t\t\t\t\t\t\t\t\t\t\t\t\t<img loading=\"lazy\" decoding=\"async\" width=\"950\" height=\"307\" src=\"https:\/\/fundacioncactusazul.org\/FITIJ\/wp-content\/uploads\/2020\/06\/webarbol6-1024x331.jpg\" class=\"attachment-large size-large wp-image-2259\" alt=\"\" srcset=\"https:\/\/fundacioncactusazul.org\/FITIJ\/wp-content\/uploads\/2020\/06\/webarbol6-1024x331.jpg 1024w, https:\/\/fundacioncactusazul.org\/FITIJ\/wp-content\/uploads\/2020\/06\/webarbol6-300x97.jpg 300w, https:\/\/fundacioncactusazul.org\/FITIJ\/wp-content\/uploads\/2020\/06\/webarbol6-768x248.jpg 768w, https:\/\/fundacioncactusazul.org\/FITIJ\/wp-content\/uploads\/2020\/06\/webarbol6.jpg 1242w\" sizes=\"100vw\" \/>\t\t\t\t\t\t\t\t\t\t\t\t\t\t\t<\/div>\n\t\t\t\t<\/div>\n\t\t\t\t\t<\/div>\n\t\t<\/div>\n\t\t\t\t\t<\/div>\n\t\t<\/section>\n\t\t\t\t<section class=\"elementor-section elementor-top-section elementor-element elementor-element-bc39767 elementor-section-boxed elementor-section-height-default elementor-section-height-default\" data-id=\"bc39767\" data-element_type=\"section\">\n\t\t\t\t\t\t<div class=\"elementor-container elementor-column-gap-default\">\n\t\t\t\t\t<div class=\"elementor-column elementor-col-100 elementor-top-column elementor-element elementor-element-a211b40\" data-id=\"a211b40\" data-element_type=\"column\">\n\t\t\t<div class=\"elementor-widget-wrap elementor-element-populated\">\n\t\t\t\t\t\t<div class=\"elementor-element elementor-element-3b089a4 elementor-widget elementor-widget-video\" data-id=\"3b089a4\" data-element_type=\"widget\" data-settings=\"{&quot;youtube_url&quot;:&quot;https:\\\/\\\/www.youtube.com\\\/watch?v=jRzvCmJsn2U&quot;,&quot;video_type&quot;:&quot;youtube&quot;,&quot;controls&quot;:&quot;yes&quot;}\" data-widget_type=\"video.default\">\n\t\t\t\t<div class=\"elementor-widget-container\">\n\t\t\t\t\t\t\t<div class=\"elementor-wrapper elementor-open-inline\">\n\t\t\t<div class=\"elementor-video\"><\/div>\t\t<\/div>\n\t\t\t\t\t\t<\/div>\n\t\t\t\t<\/div>\n\t\t\t\t\t<\/div>\n\t\t<\/div>\n\t\t\t\t\t<\/div>\n\t\t<\/section>\n\t\t\t\t<\/div>\n\t\t","protected":false},"excerpt":{"rendered":"<p>EL \u00c1RBOL NO ME OLVIDES \u00bfTe imaginas que no te acuerdes de nada, absolutamente de nada, que no sepas como te llamas, o quien es tu familia, o donde vives?\u2026., pues eso le paso a Jonathan, un ni\u00f1o, como tu y como muchos ni\u00f1os. \u00a0 Jhonathan vive en el campo, con su madre- Do\u00f1a Rosita-, &hellip; <\/p>\n<p class=\"link-more\"><a href=\"https:\/\/fundacioncactusazul.org\/FITIJ\/el-arbol-no-me-olvides\/\" class=\"more-link\">Leer m\u00e1s<span class=\"screen-reader-text\"> \u00abEL \u00c1RBOL NO ME OLVIDES\u00bb<\/span><\/a><\/p>\n","protected":false},"author":1,"featured_media":0,"parent":0,"menu_order":0,"comment_status":"closed","ping_status":"closed","template":"","meta":{"footnotes":"","_links_to":"","_links_to_target":""},"class_list":["post-2170","page","type-page","status-publish","hentry"],"_links":{"self":[{"href":"https:\/\/fundacioncactusazul.org\/FITIJ\/wp-json\/wp\/v2\/pages\/2170","targetHints":{"allow":["GET"]}}],"collection":[{"href":"https:\/\/fundacioncactusazul.org\/FITIJ\/wp-json\/wp\/v2\/pages"}],"about":[{"href":"https:\/\/fundacioncactusazul.org\/FITIJ\/wp-json\/wp\/v2\/types\/page"}],"author":[{"embeddable":true,"href":"https:\/\/fundacioncactusazul.org\/FITIJ\/wp-json\/wp\/v2\/users\/1"}],"replies":[{"embeddable":true,"href":"https:\/\/fundacioncactusazul.org\/FITIJ\/wp-json\/wp\/v2\/comments?post=2170"}],"version-history":[{"count":25,"href":"https:\/\/fundacioncactusazul.org\/FITIJ\/wp-json\/wp\/v2\/pages\/2170\/revisions"}],"predecessor-version":[{"id":7839,"href":"https:\/\/fundacioncactusazul.org\/FITIJ\/wp-json\/wp\/v2\/pages\/2170\/revisions\/7839"}],"wp:attachment":[{"href":"https:\/\/fundacioncactusazul.org\/FITIJ\/wp-json\/wp\/v2\/media?parent=2170"}],"curies":[{"name":"wp","href":"https:\/\/api.w.org\/{rel}","templated":true}]}}