{"id":2166,"date":"2020-06-16T16:22:59","date_gmt":"2020-06-16T16:22:59","guid":{"rendered":"https:\/\/fundacioncactusazul.org\/FITIJ\/?page_id=2166"},"modified":"2025-02-04T12:35:57","modified_gmt":"2025-02-04T17:35:57","slug":"donde-esta-tu-nino","status":"publish","type":"page","link":"https:\/\/fundacioncactusazul.org\/FITIJ\/donde-esta-tu-nino\/","title":{"rendered":"\u00bfD\u00d3NDE EST\u00c1 TU NI\u00d1O?"},"content":{"rendered":"\t\t<div data-elementor-type=\"wp-post\" data-elementor-id=\"2166\" class=\"elementor elementor-2166\">\n\t\t\t\t\t\t<section class=\"elementor-section elementor-top-section elementor-element elementor-element-9bb8709 elementor-section-boxed elementor-section-height-default elementor-section-height-default\" data-id=\"9bb8709\" data-element_type=\"section\">\n\t\t\t\t\t\t<div class=\"elementor-container elementor-column-gap-default\">\n\t\t\t\t\t<div class=\"elementor-column elementor-col-100 elementor-top-column elementor-element elementor-element-5bcac63\" data-id=\"5bcac63\" data-element_type=\"column\">\n\t\t\t<div class=\"elementor-widget-wrap elementor-element-populated\">\n\t\t\t\t\t\t<div class=\"elementor-element elementor-element-47afcf0 elementor-widget elementor-widget-image\" data-id=\"47afcf0\" data-element_type=\"widget\" data-widget_type=\"image.default\">\n\t\t\t\t<div class=\"elementor-widget-container\">\n\t\t\t\t\t\t\t\t\t\t\t\t\t\t\t<img fetchpriority=\"high\" decoding=\"async\" width=\"930\" height=\"150\" src=\"https:\/\/fundacioncactusazul.org\/FITIJ\/wp-content\/uploads\/2020\/06\/fotodonde-1.png\" class=\"attachment-large size-large wp-image-2232\" alt=\"\" srcset=\"https:\/\/fundacioncactusazul.org\/FITIJ\/wp-content\/uploads\/2020\/06\/fotodonde-1.png 930w, https:\/\/fundacioncactusazul.org\/FITIJ\/wp-content\/uploads\/2020\/06\/fotodonde-1-300x48.png 300w, https:\/\/fundacioncactusazul.org\/FITIJ\/wp-content\/uploads\/2020\/06\/fotodonde-1-768x124.png 768w\" sizes=\"100vw\" \/>\t\t\t\t\t\t\t\t\t\t\t\t\t\t\t<\/div>\n\t\t\t\t<\/div>\n\t\t\t\t\t<\/div>\n\t\t<\/div>\n\t\t\t\t\t<\/div>\n\t\t<\/section>\n\t\t\t\t<section class=\"elementor-section elementor-top-section elementor-element elementor-element-40c716f elementor-section-boxed elementor-section-height-default elementor-section-height-default\" data-id=\"40c716f\" data-element_type=\"section\">\n\t\t\t\t\t\t<div class=\"elementor-container elementor-column-gap-default\">\n\t\t\t\t\t<div class=\"elementor-column elementor-col-33 elementor-top-column elementor-element elementor-element-c25841f\" data-id=\"c25841f\" data-element_type=\"column\">\n\t\t\t<div class=\"elementor-widget-wrap elementor-element-populated\">\n\t\t\t\t\t\t<div class=\"elementor-element elementor-element-9317491 elementor-widget elementor-widget-image\" data-id=\"9317491\" data-element_type=\"widget\" data-widget_type=\"image.default\">\n\t\t\t\t<div class=\"elementor-widget-container\">\n\t\t\t\t\t\t\t\t\t\t\t\t\t\t\t<img decoding=\"async\" width=\"360\" height=\"1024\" src=\"https:\/\/fundacioncactusazul.org\/FITIJ\/wp-content\/uploads\/2020\/06\/fotodisen\u0303o2019-1-360x1024.png\" class=\"attachment-large size-large wp-image-2420\" alt=\"\" srcset=\"https:\/\/fundacioncactusazul.org\/FITIJ\/wp-content\/uploads\/2020\/06\/fotodisen\u0303o2019-1-360x1024.png 360w, https:\/\/fundacioncactusazul.org\/FITIJ\/wp-content\/uploads\/2020\/06\/fotodisen\u0303o2019-1.png 617w\" sizes=\"100vw\" \/>\t\t\t\t\t\t\t\t\t\t\t\t\t\t\t<\/div>\n\t\t\t\t<\/div>\n\t\t\t\t\t<\/div>\n\t\t<\/div>\n\t\t\t\t<div class=\"elementor-column elementor-col-33 elementor-top-column elementor-element elementor-element-7274991\" data-id=\"7274991\" data-element_type=\"column\">\n\t\t\t<div class=\"elementor-widget-wrap elementor-element-populated\">\n\t\t\t\t\t\t<div class=\"elementor-element elementor-element-fe21ff9 elementor-widget elementor-widget-image\" data-id=\"fe21ff9\" data-element_type=\"widget\" data-widget_type=\"image.default\">\n\t\t\t\t<div class=\"elementor-widget-container\">\n\t\t\t\t\t\t\t\t\t\t\t\t\t\t\t<img decoding=\"async\" width=\"395\" height=\"1024\" src=\"https:\/\/fundacioncactusazul.org\/FITIJ\/wp-content\/uploads\/2020\/06\/fotodisen\u0303o2019-395x1024.png\" class=\"attachment-large size-large wp-image-2422\" alt=\"\" srcset=\"https:\/\/fundacioncactusazul.org\/FITIJ\/wp-content\/uploads\/2020\/06\/fotodisen\u0303o2019-395x1024.png 395w, https:\/\/fundacioncactusazul.org\/FITIJ\/wp-content\/uploads\/2020\/06\/fotodisen\u0303o2019-116x300.png 116w, https:\/\/fundacioncactusazul.org\/FITIJ\/wp-content\/uploads\/2020\/06\/fotodisen\u0303o2019.png 677w\" sizes=\"100vw\" \/>\t\t\t\t\t\t\t\t\t\t\t\t\t\t\t<\/div>\n\t\t\t\t<\/div>\n\t\t\t\t\t<\/div>\n\t\t<\/div>\n\t\t\t\t<div class=\"elementor-column elementor-col-33 elementor-top-column elementor-element elementor-element-4fa6d9f\" data-id=\"4fa6d9f\" data-element_type=\"column\">\n\t\t\t<div class=\"elementor-widget-wrap elementor-element-populated\">\n\t\t\t\t\t\t<div class=\"elementor-element elementor-element-0e15af1 elementor-widget elementor-widget-text-editor\" data-id=\"0e15af1\" data-element_type=\"widget\" data-widget_type=\"text-editor.default\">\n\t\t\t\t<div class=\"elementor-widget-container\">\n\t\t\t\t\t\t\t\t\t<p class=\"p1\" style=\"margin-bottom: 0px; font-variant-numeric: normal; font-variant-east-asian: normal; font-stretch: normal; font-size: 12px; line-height: normal; font-family: 'Helvetica Neue'; color: #454545;\"><span style=\"font-size: 12pt;\">Desde nuestros inicios nos hemos caracterizado por trabajar sobre\u00a0 un teatro que invite al espectador a repensar sus formas habituales de convivencia,\u00a0 no desde el discurso\u00a0 del texto propiamente dicho, sino desde el juego simb\u00f3lico y ca\u00f3tico de im\u00e1genes, que permiten romper esos espacios liminales que separan la condici\u00f3n performer\/espectador.\u00a0<\/span><\/p><p class=\"p1\" style=\"margin-bottom: 0px; font-variant-numeric: normal; font-variant-east-asian: normal; font-stretch: normal; font-size: 12px; line-height: normal; font-family: 'Helvetica Neue'; color: #454545;\"><span style=\"font-size: 12pt;\">A partir de esta esta \u00f3ptica, nuestro territorio de b\u00fasqueda, se ha ido orientando hacia el teatro perform\u00e1tico, y al\u00a0 teatro intermedial, con las particularidades, que tiene\u00a0 este. Desde\u00a0 nuestra mirada , por ejemplo,\u00a0 un performer esc\u00e9nico,\u00a0 no representa, asume riesgos,\u00a0 y rompe sus propias limitaciones. un performer que a partir del conocimiento de su cuerpo, de su entorno psicof\u00edsico y de su contexto socio-cultural, pueden tener la capacidad\u00a0 de generar una percepci\u00f3n cr\u00edtica\u00a0 no s\u00f3lo en \u00e9l , sino tambi\u00e9n en los espectadores.<\/span><\/p><p class=\"p1\" style=\"margin-bottom: 0px; font-variant-numeric: normal; font-variant-east-asian: normal; font-stretch: normal; font-size: 12px; line-height: normal; font-family: 'Helvetica Neue'; color: #454545;\">\u00a0<\/p>\t\t\t\t\t\t\t\t<\/div>\n\t\t\t\t<\/div>\n\t\t\t\t\t<\/div>\n\t\t<\/div>\n\t\t\t\t\t<\/div>\n\t\t<\/section>\n\t\t\t\t<section class=\"elementor-section elementor-top-section elementor-element elementor-element-2c6167d elementor-section-boxed elementor-section-height-default elementor-section-height-default\" data-id=\"2c6167d\" data-element_type=\"section\">\n\t\t\t\t\t\t<div class=\"elementor-container elementor-column-gap-default\">\n\t\t\t\t\t<div class=\"elementor-column elementor-col-50 elementor-top-column elementor-element elementor-element-8d10a0e\" data-id=\"8d10a0e\" data-element_type=\"column\">\n\t\t\t<div class=\"elementor-widget-wrap elementor-element-populated\">\n\t\t\t\t\t\t<div class=\"elementor-element elementor-element-a04d6a0 elementor-widget elementor-widget-image\" data-id=\"a04d6a0\" data-element_type=\"widget\" data-widget_type=\"image.default\">\n\t\t\t\t<div class=\"elementor-widget-container\">\n\t\t\t\t\t\t\t\t\t\t\t\t\t\t\t<img loading=\"lazy\" decoding=\"async\" width=\"595\" height=\"842\" src=\"https:\/\/fundacioncactusazul.org\/FITIJ\/wp-content\/uploads\/2020\/06\/fotodisen\u0303o2019-4.png\" class=\"attachment-large size-large wp-image-2416\" alt=\"\" srcset=\"https:\/\/fundacioncactusazul.org\/FITIJ\/wp-content\/uploads\/2020\/06\/fotodisen\u0303o2019-4.png 595w, https:\/\/fundacioncactusazul.org\/FITIJ\/wp-content\/uploads\/2020\/06\/fotodisen\u0303o2019-4-212x300.png 212w\" sizes=\"100vw\" \/>\t\t\t\t\t\t\t\t\t\t\t\t\t\t\t<\/div>\n\t\t\t\t<\/div>\n\t\t\t\t\t<\/div>\n\t\t<\/div>\n\t\t\t\t<div class=\"elementor-column elementor-col-50 elementor-top-column elementor-element elementor-element-4831019\" data-id=\"4831019\" data-element_type=\"column\">\n\t\t\t<div class=\"elementor-widget-wrap elementor-element-populated\">\n\t\t\t\t\t\t<div class=\"elementor-element elementor-element-262dca8 elementor-widget elementor-widget-text-editor\" data-id=\"262dca8\" data-element_type=\"widget\" data-widget_type=\"text-editor.default\">\n\t\t\t\t<div class=\"elementor-widget-container\">\n\t\t\t\t\t\t\t\t\t<p style=\"margin-bottom: 2px; font-variant-numeric: normal; font-variant-east-asian: normal; font-stretch: normal; font-size: 14px; line-height: normal; font-family: 'Helvetica Neue'; color: #454545;\"><span style=\"font-size: 12pt;\"><b>Sin\u00f3psis<\/b><\/span><\/p><p style=\"margin-bottom: 2px; font-variant-numeric: normal; font-variant-east-asian: normal; font-stretch: normal; font-size: 14px; line-height: normal; font-family: 'Helvetica Neue'; color: #454545;\"><span style=\"font-size: 12pt;\"><b>\u00a0<\/b><\/span><\/p><p style=\"margin-bottom: 0px; font-variant-numeric: normal; font-variant-east-asian: normal; font-stretch: normal; font-size: 12px; line-height: normal; font-family: 'Helvetica Neue'; color: #454545;\"><span style=\"font-size: 12pt;\"><span style=\"text-align: justify;\">Esta\u00a0 interpelaci\u00f3n que nos hacemos, y queremos plantearla\u00a0<\/span><span style=\"text-align: justify;\">al espectador ni\u00f1o, joven, \u00a0adulto, deja<\/span><\/span><\/p><p style=\"margin-bottom: 0px; text-align: justify; font-variant-numeric: normal; font-variant-east-asian: normal; font-stretch: normal; font-size: 12px; line-height: normal; font-family: 'Helvetica Neue'; color: #454545;\"><span style=\"font-size: 12pt;\">abierta un sin n\u00famero de lecturas posibles, que desde nuestra visi\u00f3n consideramos importantes, pues el teatro m\u00e1s que generar certezas, debe<\/span><br \/><span style=\"font-size: 12pt;\">inquietar y generar dudas, entonces ser\u00e1 cada espectador,\u00a0 el que a partir de este detonante pueda encontrar e hilar\u00a0 o no su propia Historia y por tanto tambi\u00e9n responder o no a esta pregunta que queda en el aire.<\/span><\/p><p style=\"margin-bottom: 0px; text-align: justify; font-variant-numeric: normal; font-variant-east-asian: normal; font-stretch: normal; font-size: 12px; line-height: normal; font-family: 'Helvetica Neue'; color: #454545;\"><span style=\"font-size: 12pt;\">En este trabajo denominado \u00bfD\u00f3nde esta t\u00fa ni\u00f1o? no existe una trama y un argumento definido, son situaciones perform\u00e1ticas que desde la premisa\u00a0 del juego inquietan y desarman ese mecanismo<\/span><br \/><span style=\"font-size: 12pt;\">humano de defensa que es la raz\u00f3n;\u00a0 el trabajo entonces invita a jugar en tres universos distintos: el universo de la pregunta, el universo de los juegos perform\u00e1ticos, y el universo de nuestro ser<\/span><br \/><span style=\"font-size: 12pt;\">ni\u00f1o, en la interrelaci\u00f3n\u00a0 de los tres, sin duda\u00a0 se generan historias e instantes cargados de poes\u00eda, descubrirlos y unir las piezas que se van desentra\u00f1ando es tarea de cada uno.<\/span><\/p>\t\t\t\t\t\t\t\t<\/div>\n\t\t\t\t<\/div>\n\t\t\t\t\t<\/div>\n\t\t<\/div>\n\t\t\t\t\t<\/div>\n\t\t<\/section>\n\t\t\t\t<section class=\"elementor-section elementor-top-section elementor-element elementor-element-1a86cee elementor-section-boxed elementor-section-height-default elementor-section-height-default\" data-id=\"1a86cee\" data-element_type=\"section\">\n\t\t\t\t\t\t<div class=\"elementor-container elementor-column-gap-default\">\n\t\t\t\t\t<div class=\"elementor-column elementor-col-100 elementor-top-column elementor-element elementor-element-5407db3\" data-id=\"5407db3\" data-element_type=\"column\">\n\t\t\t<div class=\"elementor-widget-wrap elementor-element-populated\">\n\t\t\t\t\t\t<div class=\"elementor-element elementor-element-59c68c2 elementor-widget elementor-widget-image\" data-id=\"59c68c2\" data-element_type=\"widget\" data-widget_type=\"image.default\">\n\t\t\t\t<div class=\"elementor-widget-container\">\n\t\t\t\t\t\t\t\t\t\t\t\t\t\t\t<img loading=\"lazy\" decoding=\"async\" width=\"950\" height=\"366\" src=\"https:\/\/fundacioncactusazul.org\/FITIJ\/wp-content\/uploads\/2020\/06\/dondeestaluana-1024x395.png\" class=\"attachment-large size-large wp-image-2252\" alt=\"\" srcset=\"https:\/\/fundacioncactusazul.org\/FITIJ\/wp-content\/uploads\/2020\/06\/dondeestaluana-1024x395.png 1024w, https:\/\/fundacioncactusazul.org\/FITIJ\/wp-content\/uploads\/2020\/06\/dondeestaluana-300x116.png 300w, https:\/\/fundacioncactusazul.org\/FITIJ\/wp-content\/uploads\/2020\/06\/dondeestaluana-768x296.png 768w, https:\/\/fundacioncactusazul.org\/FITIJ\/wp-content\/uploads\/2020\/06\/dondeestaluana.png 1244w\" sizes=\"100vw\" \/>\t\t\t\t\t\t\t\t\t\t\t\t\t\t\t<\/div>\n\t\t\t\t<\/div>\n\t\t\t\t\t<\/div>\n\t\t<\/div>\n\t\t\t\t\t<\/div>\n\t\t<\/section>\n\t\t\t\t<section class=\"elementor-section elementor-top-section elementor-element elementor-element-5207a77 elementor-section-boxed elementor-section-height-default elementor-section-height-default\" data-id=\"5207a77\" data-element_type=\"section\">\n\t\t\t\t\t\t<div class=\"elementor-container elementor-column-gap-default\">\n\t\t\t\t\t<div class=\"elementor-column elementor-col-33 elementor-top-column elementor-element elementor-element-cdd1b58\" data-id=\"cdd1b58\" data-element_type=\"column\">\n\t\t\t<div class=\"elementor-widget-wrap elementor-element-populated\">\n\t\t\t\t\t\t<div class=\"elementor-element elementor-element-3f609c8 elementor-widget elementor-widget-image\" data-id=\"3f609c8\" data-element_type=\"widget\" data-widget_type=\"image.default\">\n\t\t\t\t<div class=\"elementor-widget-container\">\n\t\t\t\t\t\t\t\t\t\t\t\t\t\t\t<img loading=\"lazy\" decoding=\"async\" width=\"595\" height=\"842\" src=\"https:\/\/fundacioncactusazul.org\/FITIJ\/wp-content\/uploads\/2020\/06\/fotodisen\u0303o2019-5.png\" class=\"attachment-large size-large wp-image-2417\" alt=\"\" srcset=\"https:\/\/fundacioncactusazul.org\/FITIJ\/wp-content\/uploads\/2020\/06\/fotodisen\u0303o2019-5.png 595w, https:\/\/fundacioncactusazul.org\/FITIJ\/wp-content\/uploads\/2020\/06\/fotodisen\u0303o2019-5-212x300.png 212w\" sizes=\"100vw\" \/>\t\t\t\t\t\t\t\t\t\t\t\t\t\t\t<\/div>\n\t\t\t\t<\/div>\n\t\t\t\t\t<\/div>\n\t\t<\/div>\n\t\t\t\t<div class=\"elementor-column elementor-col-33 elementor-top-column elementor-element elementor-element-8c894ec\" data-id=\"8c894ec\" data-element_type=\"column\">\n\t\t\t<div class=\"elementor-widget-wrap elementor-element-populated\">\n\t\t\t\t\t\t<div class=\"elementor-element elementor-element-e2a893a elementor-widget elementor-widget-text-editor\" data-id=\"e2a893a\" data-element_type=\"widget\" data-widget_type=\"text-editor.default\">\n\t\t\t\t<div class=\"elementor-widget-container\">\n\t\t\t\t\t\t\t\t\t<p style=\"margin-bottom: 0px; text-align: center; font-variant-numeric: normal; font-variant-east-asian: normal; font-stretch: normal; font-size: 12px; line-height: normal; font-family: 'Helvetica Neue'; color: #454545;\"><span style=\"font-size: 12pt;\"><b>FICHA<br \/>ART\u00cdSTICA<\/b><\/span><\/p><p style=\"margin-bottom: 0px; text-align: center; font-variant-numeric: normal; font-variant-east-asian: normal; font-stretch: normal; font-size: 12px; line-height: normal; font-family: 'Helvetica Neue'; color: #454545;\"><span style=\"font-size: 12pt;\"><b><i>Performer<\/i><\/b><\/span><\/p><p style=\"margin-bottom: 0px; text-align: center; font-variant-numeric: normal; font-variant-east-asian: normal; font-stretch: normal; font-size: 12px; line-height: normal; font-family: 'Helvetica Neue'; color: #454545;\"><span style=\"font-size: 12pt;\">Mar\u00eda Fernanda Borja\/Luana Ch\u00f3ez<\/span><\/p><p style=\"margin-bottom: 0px; text-align: center; font-variant-numeric: normal; font-variant-east-asian: normal; font-stretch: normal; font-size: 12px; line-height: normal; font-family: 'Helvetica Neue'; color: #454545;\"><span style=\"font-size: 12pt;\">Zaydum Ch\u00f3ez Espinosa<\/span><\/p><p style=\"margin-bottom: 0px; text-align: center; font-variant-numeric: normal; font-variant-east-asian: normal; font-stretch: normal; font-size: 12px; line-height: normal; font-family: 'Helvetica Neue'; color: #454545;\"><span style=\"font-size: 12pt;\"><b><i>M\u00fasica en Vivo:\u00a0<\/i><\/b><\/span><\/p><p style=\"margin-bottom: 0px; text-align: center; font-variant-numeric: normal; font-variant-east-asian: normal; font-stretch: normal; font-size: 12px; line-height: normal; font-family: 'Helvetica Neue'; color: #454545;\"><span style=\"font-size: 12pt;\">Santiago Vergara<\/span><\/p><p style=\"margin-bottom: 0px; text-align: center; font-variant-numeric: normal; font-variant-east-asian: normal; font-stretch: normal; font-size: 12px; line-height: normal; font-family: 'Helvetica Neue'; color: #454545;\"><span style=\"font-size: 12pt;\"><b><i>Asistencia t\u00e9cnica:<\/i><\/b><\/span><br \/><span style=\"font-size: 12pt;\">Camilo Ch\u00f3ez<\/span><\/p><p style=\"margin-bottom: 0px; text-align: center; font-variant-numeric: normal; font-variant-east-asian: normal; font-stretch: normal; font-size: 12px; line-height: normal; font-family: 'Helvetica Neue'; color: #454545;\"><span style=\"font-size: 12pt;\"><b><i>Video pregrabado :<\/i><\/b><\/span><\/p><p style=\"margin-bottom: 0px; text-align: center; font-variant-numeric: normal; font-variant-east-asian: normal; font-stretch: normal; font-size: 12px; line-height: normal; font-family: 'Helvetica Neue'; color: #454545;\"><span style=\"font-size: 12pt;\">Minga Social Comunicaci\u00f3n<\/span><\/p><p style=\"margin-bottom: 0px; text-align: center; font-variant-numeric: normal; font-variant-east-asian: normal; font-stretch: normal; font-size: 12px; line-height: normal; font-family: 'Helvetica Neue'; color: #454545;\"><span style=\"font-size: 12pt;\"><b><i>Animaci\u00f3ndigital<\/i><\/b>:<\/span><\/p><p style=\"margin-bottom: 0px; text-align: center; font-variant-numeric: normal; font-variant-east-asian: normal; font-stretch: normal; font-size: 12px; line-height: normal; font-family: 'Helvetica Neue'; color: #454545;\"><span style=\"font-size: 12pt;\">Francisco Borja<\/span><\/p><p style=\"margin-bottom: 0px; text-align: center; font-variant-numeric: normal; font-variant-east-asian: normal; font-stretch: normal; font-size: 12px; line-height: normal; font-family: 'Helvetica Neue'; color: #454545;\"><span style=\"font-size: 12pt;\"><b><i>Fotograf\u00eda:<\/i><\/b><\/span><br \/><span style=\"font-size: 12pt;\">Silvia Echaverr\u00eda<\/span><\/p><p style=\"margin-bottom: 0px; text-align: center; font-variant-numeric: normal; font-variant-east-asian: normal; font-stretch: normal; font-size: 12px; line-height: normal; font-family: 'Helvetica Neue'; color: #454545;\"><span style=\"font-size: 12pt;\">Roberto Gonz\u00e1lez<\/span><\/p><p style=\"margin-bottom: 0px; text-align: center; font-variant-numeric: normal; font-variant-east-asian: normal; font-stretch: normal; font-size: 12px; line-height: normal; font-family: 'Helvetica Neue'; color: #454545;\"><span style=\"font-size: 12pt;\"><b><i>Direcci\u00f3n<br \/>General \u00a0y dramaturgia:<\/i><\/b><\/span><br \/><span style=\"font-size: 12pt;\">Zaydum Ch\u00f3ez Espinosa<\/span><\/p><p style=\"margin-bottom: 0px; text-align: center; font-variant-numeric: normal; font-variant-east-asian: normal; font-stretch: normal; font-size: 12px; line-height: normal; font-family: 'Helvetica Neue'; color: #454545;\"><span style=\"font-size: 12pt;\"><b><i>Producci\u00f3nGeneral:<\/i><\/b><\/span><\/p><p style=\"margin-bottom: 0px; text-align: center; font-variant-numeric: normal; font-variant-east-asian: normal; font-stretch: normal; font-size: 12px; line-height: normal; font-family: 'Helvetica Neue'; color: #454545;\"><span style=\"font-size: 12pt;\">Fundaci\u00f3n Cactus Azul Arte Esc\u00e9nico<\/span><\/p><p style=\"margin-bottom: 0px; font-variant-numeric: normal; font-variant-east-asian: normal; font-stretch: normal; font-size: 12px; line-height: normal; font-family: 'Helvetica Neue'; color: #454545; min-height: 14px;\">\u00a0<\/p>\t\t\t\t\t\t\t\t<\/div>\n\t\t\t\t<\/div>\n\t\t\t\t\t<\/div>\n\t\t<\/div>\n\t\t\t\t<div class=\"elementor-column elementor-col-33 elementor-top-column elementor-element elementor-element-667bd84\" data-id=\"667bd84\" data-element_type=\"column\">\n\t\t\t<div class=\"elementor-widget-wrap elementor-element-populated\">\n\t\t\t\t\t\t<div class=\"elementor-element elementor-element-1e4210f elementor-widget elementor-widget-image\" data-id=\"1e4210f\" data-element_type=\"widget\" data-widget_type=\"image.default\">\n\t\t\t\t<div class=\"elementor-widget-container\">\n\t\t\t\t\t\t\t\t\t\t\t\t\t\t\t<img loading=\"lazy\" decoding=\"async\" width=\"344\" height=\"842\" src=\"https:\/\/fundacioncactusazul.org\/FITIJ\/wp-content\/uploads\/2020\/06\/fotodisen\u0303o2019-2.png\" class=\"attachment-large size-large wp-image-2414\" alt=\"\" srcset=\"https:\/\/fundacioncactusazul.org\/FITIJ\/wp-content\/uploads\/2020\/06\/fotodisen\u0303o2019-2.png 344w, https:\/\/fundacioncactusazul.org\/FITIJ\/wp-content\/uploads\/2020\/06\/fotodisen\u0303o2019-2-123x300.png 123w\" sizes=\"100vw\" \/>\t\t\t\t\t\t\t\t\t\t\t\t\t\t\t<\/div>\n\t\t\t\t<\/div>\n\t\t\t\t\t<\/div>\n\t\t<\/div>\n\t\t\t\t\t<\/div>\n\t\t<\/section>\n\t\t\t\t<section class=\"elementor-section elementor-top-section elementor-element elementor-element-3fbec9b elementor-section-boxed elementor-section-height-default elementor-section-height-default\" data-id=\"3fbec9b\" data-element_type=\"section\">\n\t\t\t\t\t\t<div class=\"elementor-container elementor-column-gap-default\">\n\t\t\t\t\t<div class=\"elementor-column elementor-col-100 elementor-top-column elementor-element elementor-element-743f277\" data-id=\"743f277\" data-element_type=\"column\">\n\t\t\t<div class=\"elementor-widget-wrap elementor-element-populated\">\n\t\t\t\t\t\t<div class=\"elementor-element elementor-element-aacb59c elementor-widget elementor-widget-image\" data-id=\"aacb59c\" data-element_type=\"widget\" data-widget_type=\"image.default\">\n\t\t\t\t<div class=\"elementor-widget-container\">\n\t\t\t\t\t\t\t\t\t\t\t\t\t\t\t<img fetchpriority=\"high\" decoding=\"async\" width=\"930\" height=\"150\" src=\"https:\/\/fundacioncactusazul.org\/FITIJ\/wp-content\/uploads\/2020\/06\/fotodonde-1.png\" class=\"attachment-large size-large wp-image-2232\" alt=\"\" srcset=\"https:\/\/fundacioncactusazul.org\/FITIJ\/wp-content\/uploads\/2020\/06\/fotodonde-1.png 930w, https:\/\/fundacioncactusazul.org\/FITIJ\/wp-content\/uploads\/2020\/06\/fotodonde-1-300x48.png 300w, https:\/\/fundacioncactusazul.org\/FITIJ\/wp-content\/uploads\/2020\/06\/fotodonde-1-768x124.png 768w\" sizes=\"100vw\" \/>\t\t\t\t\t\t\t\t\t\t\t\t\t\t\t<\/div>\n\t\t\t\t<\/div>\n\t\t\t\t\t<\/div>\n\t\t<\/div>\n\t\t\t\t\t<\/div>\n\t\t<\/section>\n\t\t\t\t<\/div>\n\t\t","protected":false},"excerpt":{"rendered":"<p>Desde nuestros inicios nos hemos caracterizado por trabajar sobre\u00a0 un teatro que invite al espectador a repensar sus formas habituales de convivencia,\u00a0 no desde el discurso\u00a0 del texto propiamente dicho, sino desde el juego simb\u00f3lico y ca\u00f3tico de im\u00e1genes, que permiten romper esos espacios liminales que separan la condici\u00f3n performer\/espectador.\u00a0 A partir de esta esta &hellip; <\/p>\n<p class=\"link-more\"><a href=\"https:\/\/fundacioncactusazul.org\/FITIJ\/donde-esta-tu-nino\/\" class=\"more-link\">Leer m\u00e1s<span class=\"screen-reader-text\"> \u00ab\u00bfD\u00d3NDE EST\u00c1 TU NI\u00d1O?\u00bb<\/span><\/a><\/p>\n","protected":false},"author":1,"featured_media":3182,"parent":0,"menu_order":0,"comment_status":"closed","ping_status":"closed","template":"","meta":{"footnotes":"","_links_to":"","_links_to_target":""},"class_list":["post-2166","page","type-page","status-publish","has-post-thumbnail","hentry"],"_links":{"self":[{"href":"https:\/\/fundacioncactusazul.org\/FITIJ\/wp-json\/wp\/v2\/pages\/2166","targetHints":{"allow":["GET"]}}],"collection":[{"href":"https:\/\/fundacioncactusazul.org\/FITIJ\/wp-json\/wp\/v2\/pages"}],"about":[{"href":"https:\/\/fundacioncactusazul.org\/FITIJ\/wp-json\/wp\/v2\/types\/page"}],"author":[{"embeddable":true,"href":"https:\/\/fundacioncactusazul.org\/FITIJ\/wp-json\/wp\/v2\/users\/1"}],"replies":[{"embeddable":true,"href":"https:\/\/fundacioncactusazul.org\/FITIJ\/wp-json\/wp\/v2\/comments?post=2166"}],"version-history":[{"count":28,"href":"https:\/\/fundacioncactusazul.org\/FITIJ\/wp-json\/wp\/v2\/pages\/2166\/revisions"}],"predecessor-version":[{"id":7824,"href":"https:\/\/fundacioncactusazul.org\/FITIJ\/wp-json\/wp\/v2\/pages\/2166\/revisions\/7824"}],"wp:featuredmedia":[{"embeddable":true,"href":"https:\/\/fundacioncactusazul.org\/FITIJ\/wp-json\/wp\/v2\/media\/3182"}],"wp:attachment":[{"href":"https:\/\/fundacioncactusazul.org\/FITIJ\/wp-json\/wp\/v2\/media?parent=2166"}],"curies":[{"name":"wp","href":"https:\/\/api.w.org\/{rel}","templated":true}]}}